{"id":25105087,"date":"2026-02-25T15:45:00","date_gmt":"2026-02-25T14:45:00","guid":{"rendered":"https:\/\/optimumsoftdigital.com\/?page_id=25105087"},"modified":"2026-02-27T16:25:34","modified_gmt":"2026-02-27T15:25:34","slug":"politique-ia","status":"publish","type":"page","link":"https:\/\/optimumsoftdigital.com\/fr\/politique-ia\/","title":{"rendered":"Politique IA"},"content":{"rendered":"<p>[et_pb_section fb_built=\u00a0\u00bb1&Prime; _builder_version=\u00a0\u00bb4.27.0&Prime; _module_preset=\u00a0\u00bbdefault\u00a0\u00bb custom_padding=\u00a0\u00bb16px|||||\u00a0\u00bb global_colors_info=\u00a0\u00bb{}\u00a0\u00bb][et_pb_row admin_label=\u00a0\u00bbrow\u00a0\u00bb _builder_version=\u00a0\u00bb4.16&Prime; background_size=\u00a0\u00bbinitial\u00a0\u00bb background_position=\u00a0\u00bbtop_left\u00a0\u00bb background_repeat=\u00a0\u00bbrepeat\u00a0\u00bb locked=\u00a0\u00bboff\u00a0\u00bb global_colors_info=\u00a0\u00bb{}\u00a0\u00bb][et_pb_column type=\u00a0\u00bb4_4&Prime; _builder_version=\u00a0\u00bb4.16&Prime; custom_padding=\u00a0\u00bb|||\u00a0\u00bb global_colors_info=\u00a0\u00bb{}\u00a0\u00bb custom_padding__hover=\u00a0\u00bb|||\u00a0\u00bb][et_pb_text admin_label=\u00a0\u00bbText\u00a0\u00bb _builder_version=\u00a0\u00bb4.27.0&Prime; text_font=\u00a0\u00bbMontserrat||||||||\u00a0\u00bb text_text_color=\u00a0\u00bb#000000&Prime; header_font=\u00a0\u00bbMontserrat||||||||\u00a0\u00bb header_text_color=\u00a0\u00bb#000000&Prime; header_2_font=\u00a0\u00bbMontserrat||||||||\u00a0\u00bb header_2_font_size=\u00a0\u00bb18px\u00a0\u00bb header_3_font=\u00a0\u00bbMontserrat||||||||\u00a0\u00bb background_size=\u00a0\u00bbinitial\u00a0\u00bb background_position=\u00a0\u00bbtop_left\u00a0\u00bb background_repeat=\u00a0\u00bbrepeat\u00a0\u00bb global_colors_info=\u00a0\u00bb{}\u00a0\u00bb]<\/p>\n<h3>Introduction<\/h3>\n<p>Le site Optimum soft digital autorise l\u2019acc\u00e8s \u00e0 son contenu aux agents d\u2019intelligence artificielle (IA), dans le but de favoriser la diffusion de notre expertise digitale et d\u2019am\u00e9liorer la pertinence des r\u00e9sultats propos\u00e9s par les mod\u00e8les g\u00e9n\u00e9ratifs (ChatGPT, Gemini, Perplexity, etc.).<br \/>Acc\u00e8s autoris\u00e9<\/p>\n<p>Nous autorisons l\u2019acc\u00e8s aux IA via un fichier llms.txt, accessible \u00e0 l\u2019adresse suivante :<\/p>\n<p>Cela inclut, entre autres, les agents suivants :<\/p>\n<p>ChatGPT (OpenAI)<br \/>Google-Extended (Gemini)<br \/>ClaudeBot (Anthropic)<br \/>PerplexityBot<br \/>YouBot (You.com)<br \/>GeminiBot (Google)<br \/>MistralBot<br \/>MetaBot<\/p>\n<h3>Conditions d\u2019utilisation<\/h3>\n<p>Les contenus de ce site (textes, images, \u00e9tudes, analyses, etc.) peuvent \u00eatre explor\u00e9s et utilis\u00e9s par les IA, \u00e0 condition que :<\/p>\n<p>La source beyonds.fr soit clairement cit\u00e9e lorsqu\u2019un extrait est utilis\u00e9 ou r\u00e9sum\u00e9.<br \/>Le contenu ne soit pas modifi\u00e9 de mani\u00e8re \u00e0 en d\u00e9former le sens.<br \/>Aucun usage commercial ne soit fait de notre contenu sans autorisation explicite.<\/p>\n<h3>Propri\u00e9t\u00e9 intellectuelle<\/h3>\n<p>L\u2019ensemble du contenu publi\u00e9 sur beyonds.fr reste la propri\u00e9t\u00e9 de l\u2019agence Beyonds.<br \/>Toute reproduction, redistribution ou int\u00e9gration dans un mod\u00e8le d\u2019IA \u00e0 des fins commerciales est strictement interdite sans accord \u00e9crit pr\u00e9alable.<br \/>Contact<\/p>\n<p>Pour toute question, demande de retrait ou usage particulier de notre contenu, merci de nous contacter \u00e0 l\u2019adresse suivante : <a href=\"mailto:info@optimumsoftdigital.com\"><\/a><a href=\"mailto:info@optimumsoftdigital.com\" target=\"_blank\" rel=\"noopener\">info@optimumsoftdigital.com<\/a><\/p>\n<p>[\/et_pb_text][\/et_pb_column][\/et_pb_row][\/et_pb_section]<\/p>\n","protected":false},"excerpt":{"rendered":"<p>Introduction Le site Optimum soft digital autorise l\u2019acc\u00e8s \u00e0 son contenu aux agents d\u2019intelligence artificielle (IA), dans le but de favoriser la diffusion de notre expertise digitale et d\u2019am\u00e9liorer la pertinence des r\u00e9sultats propos\u00e9s par les mod\u00e8les g\u00e9n\u00e9ratifs (ChatGPT, Gemini, Perplexity, etc.).Acc\u00e8s autoris\u00e9 Nous autorisons l\u2019acc\u00e8s aux IA via un fichier llms.txt, accessible \u00e0 l\u2019adresse suivante : Cela inclut, entre autres, les agents suivants : ChatGPT (OpenAI)Google-Extended (Gemini)ClaudeBot (Anthropic)PerplexityBotYouBot (You.com)GeminiBot (Google)MistralBotMetaBot Conditions d\u2019utilisation Les contenus de ce site (textes, images, \u00e9tudes, analyses, etc.) peuvent \u00eatre explor\u00e9s et utilis\u00e9s par les IA, \u00e0 condition que : La source beyonds.fr soit clairement cit\u00e9e lorsqu\u2019un extrait est utilis\u00e9 ou r\u00e9sum\u00e9.Le contenu ne soit pas modifi\u00e9 de mani\u00e8re \u00e0 en d\u00e9former le sens.Aucun usage commercial ne soit fait de notre contenu sans autorisation explicite. Propri\u00e9t\u00e9 intellectuelle L\u2019ensemble du contenu publi\u00e9 sur beyonds.fr reste la propri\u00e9t\u00e9 de l\u2019agence Beyonds.Toute reproduction, redistribution ou int\u00e9gration dans un mod\u00e8le d\u2019IA \u00e0 des fins commerciales est strictement interdite sans accord \u00e9crit pr\u00e9alable.Contact Pour toute question, demande de retrait ou usage particulier de notre contenu, merci de nous contacter \u00e0 l\u2019adresse suivante : info@optimumsoftdigital.com<\/p>\n","protected":false},"author":1,"featured_media":0,"parent":0,"menu_order":0,"comment_status":"closed","ping_status":"closed","template":"","meta":{"_acf_changed":false,"_et_pb_use_builder":"on","_et_pb_old_content":"<!-- wp:divi\/placeholder \/-->","_et_gb_content_width":"","footnotes":""},"class_list":["post-25105087","page","type-page","status-publish","hentry"],"acf":[],"_links":{"self":[{"href":"https:\/\/optimumsoftdigital.com\/fr\/wp-json\/wp\/v2\/pages\/25105087","targetHints":{"allow":["GET"]}}],"collection":[{"href":"https:\/\/optimumsoftdigital.com\/fr\/wp-json\/wp\/v2\/pages"}],"about":[{"href":"https:\/\/optimumsoftdigital.com\/fr\/wp-json\/wp\/v2\/types\/page"}],"author":[{"embeddable":true,"href":"https:\/\/optimumsoftdigital.com\/fr\/wp-json\/wp\/v2\/users\/1"}],"replies":[{"embeddable":true,"href":"https:\/\/optimumsoftdigital.com\/fr\/wp-json\/wp\/v2\/comments?post=25105087"}],"version-history":[{"count":4,"href":"https:\/\/optimumsoftdigital.com\/fr\/wp-json\/wp\/v2\/pages\/25105087\/revisions"}],"predecessor-version":[{"id":25105130,"href":"https:\/\/optimumsoftdigital.com\/fr\/wp-json\/wp\/v2\/pages\/25105087\/revisions\/25105130"}],"wp:attachment":[{"href":"https:\/\/optimumsoftdigital.com\/fr\/wp-json\/wp\/v2\/media?parent=25105087"}],"curies":[{"name":"wp","href":"https:\/\/api.w.org\/{rel}","templated":true}]}}