{"id":25103679,"date":"2026-02-16T16:12:14","date_gmt":"2026-02-16T15:12:14","guid":{"rendered":"https:\/\/optimumsoftdigital.com\/?page_id=25103679"},"modified":"2026-04-13T13:24:05","modified_gmt":"2026-04-13T11:24:05","slug":"publicite-sociale","status":"publish","type":"page","link":"https:\/\/optimumsoftdigital.com\/fr\/publicite-sociale\/","title":{"rendered":"Publicit\u00e9 Sociale"},"content":{"rendered":"\t\t<div data-elementor-type=\"wp-page\" data-elementor-id=\"25103679\" class=\"elementor elementor-25103679\" data-elementor-post-type=\"page\">\n\t\t\t\t<div class=\"elementor-element elementor-element-9a8cd38 e-flex e-con-boxed magic-button-disabled-no e-con e-parent\" data-id=\"9a8cd38\" data-element_type=\"container\" data-e-type=\"container\">\n\t\t\t\t\t<div class=\"e-con-inner\">\n\t\t<div class=\"elementor-element elementor-element-b1c7fdf e-con-full e-flex magic-button-disabled-no e-con e-child\" data-id=\"b1c7fdf\" data-element_type=\"container\" data-e-type=\"container\">\n\t\t\t\t<div class=\"elementor-element elementor-element-31ab5c1 elementor-widget elementor-widget-heading\" data-id=\"31ab5c1\" data-element_type=\"widget\" data-e-type=\"widget\" data-widget_type=\"heading.default\">\n\t\t\t\t\t<h2 class=\"elementor-heading-title elementor-size-default\">\nPublicit\u00e9 Sociale (social Ads-Mera, Google)<\/h2>\t\t\t\t<\/div>\n\t\t\t\t<\/div>\n\t\t<div class=\"elementor-element elementor-element-4c94016 e-con-full e-flex magic-button-disabled-no e-con e-child\" data-id=\"4c94016\" data-element_type=\"container\" data-e-type=\"container\">\n\t\t\t\t<div class=\"elementor-element elementor-element-c9da759 elementor-widget__width-initial elementor-widget elementor-widget-text-editor\" data-id=\"c9da759\" data-element_type=\"widget\" data-e-type=\"widget\" data-widget_type=\"text-editor.default\">\n\t\t\t\t\t\t\t\t\t<p>Optimum Soft Digital propulse votre marque au c\u0153ur des flux d\u2019actualit\u00e9s de vos clients cibles. En tant qu\u2019agence sp\u00e9cialis\u00e9e dans la strat\u00e9gie num\u00e9rique, nous ne nous contentons pas de cr\u00e9er des publicit\u00e9s : nous b\u00e2tissons des syst\u00e8mes d\u2019acquisition automatis\u00e9s sur Meta (Facebook, Instagram) et Google Ads.<br \/>Nous adaptons chaque campagne aux r\u00e9alit\u00e9s de votre march\u00e9, que vous soyez une entreprise au Cameroun ou au Canada, pour garantir que chaque franc ou dollar investi g\u00e9n\u00e8re une visibilit\u00e9 concr\u00e8te et une croissance mesurable. Nos experts d\u00e9livrent des solutions durables pour acc\u00e9l\u00e9rer votre croissance gr\u00e2ce \u00e0 un ciblage comportemental de haute pr\u00e9cision.<\/p>\t\t\t\t\t\t\t\t<\/div>\n\t\t\t\t<\/div>\n\t\t\t\t\t<\/div>\n\t\t\t\t<\/div>\n\t\t<div class=\"elementor-element elementor-element-c9f12f0 e-con-full e-flex magic-button-disabled-no e-con e-parent\" data-id=\"c9f12f0\" data-element_type=\"container\" data-e-type=\"container\" data-settings=\"{&quot;background_background&quot;:&quot;classic&quot;}\">\n\t\t<div class=\"elementor-element elementor-element-b31bf9a e-con-full e-flex magic-button-disabled-no e-con e-child\" data-id=\"b31bf9a\" data-element_type=\"container\" data-e-type=\"container\" data-settings=\"{&quot;background_background&quot;:&quot;classic&quot;}\">\n\t\t<div class=\"elementor-element elementor-element-1f30c6d e-con-full e-flex magic-button-disabled-no e-con e-child\" data-id=\"1f30c6d\" data-element_type=\"container\" data-e-type=\"container\">\n\t\t<div class=\"elementor-element elementor-element-ae8ede8 e-con-full e-flex magic-button-disabled-no e-con e-child\" data-id=\"ae8ede8\" data-element_type=\"container\" data-e-type=\"container\">\n\t\t<div class=\"elementor-element elementor-element-4304256 e-con-full e-flex magic-button-disabled-no e-con e-child\" data-id=\"4304256\" data-element_type=\"container\" data-e-type=\"container\">\n\t\t\t\t<div class=\"elementor-element elementor-element-34a919b elementor-widget elementor-widget-heading\" data-id=\"34a919b\" data-element_type=\"widget\" data-e-type=\"widget\" data-widget_type=\"heading.default\">\n\t\t\t\t\t<h2 class=\"elementor-heading-title elementor-size-default\">Details<\/h2>\t\t\t\t<\/div>\n\t\t\t\t<\/div>\n\t\t\t\t<div class=\"elementor-element elementor-element-c6a205a elementor-widget elementor-widget-heading\" data-id=\"c6a205a\" data-element_type=\"widget\" data-e-type=\"widget\" data-widget_type=\"heading.default\">\n\t\t\t\t\t<h2 class=\"elementor-heading-title elementor-size-default\">sur le service<\/h2>\t\t\t\t<\/div>\n\t\t\t\t<\/div>\n\t\t<div class=\"elementor-element elementor-element-547e898 e-con-full e-flex magic-button-disabled-no e-con e-child\" data-id=\"547e898\" data-element_type=\"container\" data-e-type=\"container\">\n\t\t\t\t<div class=\"elementor-element elementor-element-8049e1c elementor-widget__width-initial elementor-widget elementor-widget-text-editor\" data-id=\"8049e1c\" data-element_type=\"widget\" data-e-type=\"widget\" data-widget_type=\"text-editor.default\">\n\t\t\t\t\t\t\t\t\t<p>Une approche 360\u00b0 orient\u00e9e ROI. Notre m\u00e9thodologie repose sur trois piliers fondamentaux pour garantir la r\u00e9ussite de vos projets web et publicitaires:<\/p><p>\u2794 Audit et Strat\u00e9gie d\u2019Audience: Avant tout lancement, nous analysons votre secteur pour identifier les segments d\u2019audience les plus rentables. Que vous soyez une jeune entreprise en qu\u00eate de visibilit\u00e9 ou une structure \u00e9tablie avec des ambitions s\u00e9rieuses, nous d\u00e9finissons les canaux (Meta, Google, TikTok) les plus adapt\u00e9s \u00e0 vos objectifs.<\/p><p>\u2794 Wireframing (Squelette de l\u2019interface) : cr\u00e9ation de sch\u00e9mas structurels pour valider l\u2019ergonomie et l\u2019emplacement des \u00e9l\u00e9ments avant toute mise en couleur<\/p><p>\u2794 Conception Cr\u00e9ative &amp; Copywriting:La performance d\u2019une publicit\u00e9 sociale repose sur l\u2019\u00e9quilibre entre un visuel percutant et un texte persuasif. Nous cr\u00e9ons des contenus publicitaires (vid\u00e9os, carrousels, images) qui respectent votre branding et captivent l\u2019utilisateur d\u00e8s les premi\u00e8res secondes.<\/p><p>\u2794 Analyse de Donn\u00e9es et Optimisation Continue: Gr\u00e2ce \u00e0 notre p\u00f4le Analytics &amp; Donn\u00e9es, nous suivons en temps r\u00e9el le comportement des utilisateurs sur vos landing pages. Nos sites sont con\u00e7us pour \u00eatre rapides et s\u00e9curis\u00e9s, optimisant ainsi le taux de conversion de vos publicit\u00e9s pour un retour sur investissement (ROI) optimal.<\/p>\t\t\t\t\t\t\t\t<\/div>\n\t\t\t\t<\/div>\n\t\t\t\t<\/div>\n\t\t\t\t<\/div>\n\t\t<div class=\"elementor-element elementor-element-a865df0 e-con-full e-flex magic-button-disabled-no e-con e-child\" data-id=\"a865df0\" data-element_type=\"container\" data-e-type=\"container\">\n\t\t\t\t<div class=\"elementor-element elementor-element-057d5da elementor-widget elementor-widget-image\" data-id=\"057d5da\" data-element_type=\"widget\" data-e-type=\"widget\" data-widget_type=\"image.default\">\n\t\t\t\t\t\t\t\t\t\t\t\t\t\t\t<img fetchpriority=\"high\" fetchpriority=\"high\" decoding=\"async\" width=\"2560\" height=\"1709\" src=\"https:\/\/optimumsoftdigital.com\/wp-content\/uploads\/2026\/02\/pexels-divinetechygirl-1181434-scaled.jpg\" class=\"attachment-full size-full wp-image-25102627\" alt=\"\" srcset=\"https:\/\/optimumsoftdigital.com\/wp-content\/uploads\/2026\/02\/pexels-divinetechygirl-1181434-scaled.jpg 2560w, https:\/\/optimumsoftdigital.com\/wp-content\/uploads\/2026\/02\/pexels-divinetechygirl-1181434-1280x855.jpg 1280w, https:\/\/optimumsoftdigital.com\/wp-content\/uploads\/2026\/02\/pexels-divinetechygirl-1181434-980x654.jpg 980w, https:\/\/optimumsoftdigital.com\/wp-content\/uploads\/2026\/02\/pexels-divinetechygirl-1181434-480x320.jpg 480w\" sizes=\"(min-width: 0px) and (max-width: 480px) 480px, (min-width: 481px) and (max-width: 980px) 980px, (min-width: 981px) and (max-width: 1280px) 1280px, (min-width: 1281px) 2560px, 100vw\" \/>\t\t\t\t\t\t\t\t\t\t\t\t\t\t\t<\/div>\n\t\t\t\t<\/div>\n\t\t\t\t<\/div>\n\t\t<div class=\"elementor-element elementor-element-c20b515 e-flex e-con-boxed magic-button-disabled-no e-con e-parent\" data-id=\"c20b515\" data-element_type=\"container\" data-e-type=\"container\" data-settings=\"{&quot;background_background&quot;:&quot;classic&quot;}\">\n\t\t\t\t\t<div class=\"e-con-inner\">\n\t\t<div class=\"elementor-element elementor-element-68ef2af e-con-full e-flex magic-button-disabled-no e-con e-child\" data-id=\"68ef2af\" data-element_type=\"container\" data-e-type=\"container\">\n\t\t<div class=\"elementor-element elementor-element-c8196c5 e-con-full e-flex magic-button-disabled-no e-con e-child\" data-id=\"c8196c5\" data-element_type=\"container\" data-e-type=\"container\">\n\t\t\t\t<div class=\"elementor-element elementor-element-0248dad elementor-widget elementor-widget-heading\" data-id=\"0248dad\" data-element_type=\"widget\" data-e-type=\"widget\" data-widget_type=\"heading.default\">\n\t\t\t\t\t<h2 class=\"elementor-heading-title elementor-size-default\">Avantages du service\n<\/h2>\t\t\t\t<\/div>\n\t\t\t\t<\/div>\n\t\t\t\t<\/div>\n\t\t<div class=\"elementor-element elementor-element-6d1527a e-con-full e-flex magic-button-disabled-no e-con e-child\" data-id=\"6d1527a\" data-element_type=\"container\" data-e-type=\"container\">\n\t\t\t\t<div class=\"elementor-element elementor-element-f709d11 elementor-widget__width-initial elementor-widget elementor-widget-text-editor\" data-id=\"f709d11\" data-element_type=\"widget\" data-e-type=\"widget\" data-widget_type=\"text-editor.default\">\n\t\t\t\t\t\t\t\t\t<div class=\"et_pb_module et_pb_text et_pb_text_5 et_pb_text_align_left et_pb_bg_layout_light\"><div class=\"et_pb_text_inner\"><div class=\"et_pb_module et_pb_text et_pb_text_5 et_pb_text_align_left et_pb_bg_layout_light\"><div class=\"et_pb_text_inner\"><div class=\"et_pb_module et_pb_text et_pb_text_5 et_pb_text_align_left et_pb_bg_layout_light\"><div class=\"et_pb_text_inner\"><div class=\"et_pb_module et_pb_text et_pb_text_5 et_pb_text_align_left et_pb_bg_layout_light\"><div class=\"et_pb_text_inner\"><p><span style=\"color: #3366ff; font-family: bestielle; font-size: 35px;\">1<\/span>\u00a0R\u00e9duction du taux de rebond et fid\u00e9lisation<\/p><p>Une interface intuitive retient les utilisateurs plus longtemps. En offrant une navigation sans frustration, vous r\u00e9duisez le nombre de personnes qui quittent votre site pr\u00e9matur\u00e9ment et augmentez vos chances de les transformer en clients fid\u00e8les.<\/p><p>\u00a0<\/p><\/div><\/div><div class=\"et_pb_module et_pb_text et_pb_text_6 et_pb_text_align_left et_pb_bg_layout_light\"><div class=\"et_pb_text_inner\"><p><span style=\"color: #3366ff; font-family: bestielle; font-size: 35px;\">2<\/span>\u00a0Augmentation du taux de conversion (ROI)<\/p><p>Le design UX est un investissement rentable. En pla\u00e7ant les boutons d\u2019appel \u00e0 l\u2019action (CTA) aux endroits strat\u00e9giques et en simplifiant les formulaires, nous facilitons le passage \u00e0 l\u2019achat, impactant directement votre chiffre d\u2019affaires.<\/p><p>\u00a0<\/p><\/div><\/div><div class=\"et_pb_module et_pb_text et_pb_text_7 et_pb_text_align_left et_pb_bg_layout_light\"><div class=\"et_pb_text_inner\"><p><span style=\"color: #3366ff; font-family: bestielle; font-size: 35px;\">3<\/span>\u00a0Coh\u00e9rence visuelle et Professionnalisme<\/p><p>Un design soign\u00e9 transmet un message de qualit\u00e9 et de s\u00e9rieux. Nous cr\u00e9ons des interfaces qui refl\u00e8tent la solidit\u00e9 de votre entreprise, vous d\u00e9marquant instantan\u00e9ment de vos concurrents.<\/p><p>\u00a0<\/p><\/div><\/div><div class=\"et_pb_module et_pb_text et_pb_text_8 et_pb_text_align_left et_pb_bg_layout_light\"><div class=\"et_pb_text_inner\"><p><span style=\"color: #3366ff; font-family: bestielle; font-size: 35px;\">4<\/span>\u00a0Gain de temps et d\u2019argent au d\u00e9veloppement<\/p><p>Une maquette valid\u00e9e et bien document\u00e9e permet aux d\u00e9veloppeurs de travailler plus vite et d\u2019\u00e9viter les erreurs. En investissant dans le design en amont, vous \u00e9vitez des modifications co\u00fbteuses une fois le code finalis\u00e9.<\/p><\/div><\/div><\/div><\/div><\/div><\/div><\/div><\/div>\t\t\t\t\t\t\t\t<\/div>\n\t\t\t\t<\/div>\n\t\t\t\t\t<\/div>\n\t\t\t\t<\/div>\n\t\t<div class=\"elementor-element elementor-element-908aaf0 e-con-full e-flex magic-button-disabled-no e-con e-parent\" data-id=\"908aaf0\" data-element_type=\"container\" data-e-type=\"container\">\n\t\t<div class=\"elementor-element elementor-element-07c0062 e-con-full e-flex magic-button-disabled-no e-con e-child\" data-id=\"07c0062\" data-element_type=\"container\" data-e-type=\"container\" data-settings=\"{&quot;background_background&quot;:&quot;classic&quot;}\">\n\t\t\t\t<div class=\"elementor-element elementor-element-c6047d2 elementor-widget__width-initial elementor-widget-mobile__width-inherit elementor-widget-laptop__width-inherit elementor-widget elementor-widget-heading\" data-id=\"c6047d2\" data-element_type=\"widget\" data-e-type=\"widget\" data-widget_type=\"heading.default\">\n\t\t\t\t\t<p class=\"elementor-heading-title elementor-size-default\">Avez-vous besoin d\u2019une publicit\u00e9 sociale  qui vous\ncorresponde?<\/p>\t\t\t\t<\/div>\n\t\t\t\t<div class=\"elementor-element elementor-element-2378d4d elementor-widget__width-initial elementor-widget elementor-widget-text-editor\" data-id=\"2378d4d\" data-element_type=\"widget\" data-e-type=\"widget\" data-widget_type=\"text-editor.default\">\n\t\t\t\t\t\t\t\t\t<div class=\"et_pb_module et_pb_text et_pb_text_21 et_pb_text_align_center et_pb_bg_layout_light\"><div class=\"et_pb_text_inner\"><div class=\"et_pb_module et_pb_text et_pb_text_19 et_pb_text_align_center et_pb_bg_layout_light\"><div class=\"et_pb_text_inner\"><p>Contactez-nous pour un devis en un clic en 24h<\/p><\/div><\/div><\/div><\/div>\t\t\t\t\t\t\t\t<\/div>\n\t\t<div class=\"elementor-element elementor-element-e629de9 e-con-full e-flex magic-button-disabled-no e-con e-child\" data-id=\"e629de9\" data-element_type=\"container\" data-e-type=\"container\">\n\t\t\t\t<div class=\"elementor-element elementor-element-1b1cc53 elementor-align-center elementor-widget__width-initial elementor-widget-mobile__width-inherit elementor-widget elementor-widget-button\" data-id=\"1b1cc53\" data-element_type=\"widget\" data-e-type=\"widget\" data-widget_type=\"button.default\">\n\t\t\t\t\t\t\t\t\t\t<a class=\"elementor-button elementor-button-link elementor-size-sm elementor-animation-grow\" href=\"https:\/\/optimumsoftdigital.com\/contact\/\">\n\t\t\t\t\t\t<span class=\"elementor-button-content-wrapper\">\n\t\t\t\t\t\t\t\t\t<span class=\"elementor-button-text\">Demander un devis<\/span>\n\t\t\t\t\t<\/span>\n\t\t\t\t\t<\/a>\n\t\t\t\t\t\t\t\t<\/div>\n\t\t\t\t<\/div>\n\t\t\t\t<\/div>\n\t\t\t\t<\/div>\n\t\t\t\t<\/div>\n\t\t","protected":false},"excerpt":{"rendered":"<p>Publicit\u00e9 Sociale (social Ads-Mera, Google) Optimum Soft Digital propulse votre marque au c\u0153ur des flux d\u2019actualit\u00e9s de vos clients cibles. En tant qu\u2019agence sp\u00e9cialis\u00e9e dans la strat\u00e9gie num\u00e9rique, nous ne nous contentons pas de cr\u00e9er des publicit\u00e9s : nous b\u00e2tissons des syst\u00e8mes d\u2019acquisition automatis\u00e9s sur Meta (Facebook, Instagram) et Google Ads.Nous adaptons chaque campagne aux r\u00e9alit\u00e9s de votre march\u00e9, que vous soyez une entreprise au Cameroun ou au Canada, pour garantir que chaque franc ou dollar investi g\u00e9n\u00e8re une visibilit\u00e9 concr\u00e8te et une croissance mesurable. Nos experts d\u00e9livrent des solutions durables pour acc\u00e9l\u00e9rer votre croissance gr\u00e2ce \u00e0 un ciblage comportemental de haute pr\u00e9cision. Details sur le service Une approche 360\u00b0 orient\u00e9e ROI. Notre m\u00e9thodologie repose sur trois piliers fondamentaux pour garantir la r\u00e9ussite de vos projets web et publicitaires:\u2794 Audit et Strat\u00e9gie d\u2019Audience: Avant tout lancement, nous analysons votre secteur pour identifier les segments d\u2019audience les plus rentables. Que vous soyez une jeune entreprise en qu\u00eate de visibilit\u00e9 ou une structure \u00e9tablie avec des ambitions s\u00e9rieuses, nous d\u00e9finissons les canaux (Meta, Google, TikTok) les plus adapt\u00e9s \u00e0 vos objectifs.\u2794 Wireframing (Squelette de l\u2019interface) : cr\u00e9ation de sch\u00e9mas structurels pour valider l\u2019ergonomie et l\u2019emplacement des \u00e9l\u00e9ments avant toute mise en couleur\u2794 [&hellip;]<\/p>\n","protected":false},"author":1,"featured_media":0,"parent":0,"menu_order":0,"comment_status":"closed","ping_status":"closed","template":"","meta":{"_acf_changed":false,"_et_pb_use_builder":"on","_et_pb_old_content":"<!-- wp:divi\/placeholder \/-->","_et_gb_content_width":"","footnotes":""},"class_list":["post-25103679","page","type-page","status-publish","hentry"],"acf":[],"_links":{"self":[{"href":"https:\/\/optimumsoftdigital.com\/fr\/wp-json\/wp\/v2\/pages\/25103679","targetHints":{"allow":["GET"]}}],"collection":[{"href":"https:\/\/optimumsoftdigital.com\/fr\/wp-json\/wp\/v2\/pages"}],"about":[{"href":"https:\/\/optimumsoftdigital.com\/fr\/wp-json\/wp\/v2\/types\/page"}],"author":[{"embeddable":true,"href":"https:\/\/optimumsoftdigital.com\/fr\/wp-json\/wp\/v2\/users\/1"}],"replies":[{"embeddable":true,"href":"https:\/\/optimumsoftdigital.com\/fr\/wp-json\/wp\/v2\/comments?post=25103679"}],"version-history":[{"count":33,"href":"https:\/\/optimumsoftdigital.com\/fr\/wp-json\/wp\/v2\/pages\/25103679\/revisions"}],"predecessor-version":[{"id":25111894,"href":"https:\/\/optimumsoftdigital.com\/fr\/wp-json\/wp\/v2\/pages\/25103679\/revisions\/25111894"}],"wp:attachment":[{"href":"https:\/\/optimumsoftdigital.com\/fr\/wp-json\/wp\/v2\/media?parent=25103679"}],"curies":[{"name":"wp","href":"https:\/\/api.w.org\/{rel}","templated":true}]}}