{"id":3,"date":"2026-02-10T14:25:09","date_gmt":"2026-02-10T13:25:09","guid":{"rendered":"http:\/\/osd-test.local\/?page_id=3"},"modified":"2026-02-27T16:19:21","modified_gmt":"2026-02-27T15:19:21","slug":"politique-de-confidentialite","status":"publish","type":"page","link":"https:\/\/optimumsoftdigital.com\/en\/politique-de-confidentialite\/","title":{"rendered":"Privacy &amp; Data Protection Policy"},"content":{"rendered":"<p>[et_pb_section fb_built=\u00a0\u00bb1&Prime; admin_label=\u00a0\u00bbsection\u00a0\u00bb _builder_version=\u00a0\u00bb4.27.0&Prime; custom_padding=\u00a0\u00bb8px|||||\u00a0\u00bb global_colors_info=\u00a0\u00bb{}\u00a0\u00bb][et_pb_row admin_label=\u00a0\u00bbrow\u00a0\u00bb _builder_version=\u00a0\u00bb4.16&Prime; background_size=\u00a0\u00bbinitial\u00a0\u00bb background_position=\u00a0\u00bbtop_left\u00a0\u00bb background_repeat=\u00a0\u00bbrepeat\u00a0\u00bb global_colors_info=\u00a0\u00bb{}\u00a0\u00bb][et_pb_column type=\u00a0\u00bb4_4&Prime; _builder_version=\u00a0\u00bb4.16&Prime; custom_padding=\u00a0\u00bb|||\u00a0\u00bb global_colors_info=\u00a0\u00bb{}\u00a0\u00bb custom_padding__hover=\u00a0\u00bb|||\u00a0\u00bb][et_pb_text admin_label=\u00a0\u00bbText\u00a0\u00bb _builder_version=\u00a0\u00bb4.27.0&Prime; text_font=\u00a0\u00bbMontserrat||||||||\u00a0\u00bb text_text_color=\u00a0\u00bb#000000&Prime; header_font=\u00a0\u00bbMontserrat||||||||\u00a0\u00bb header_text_color=\u00a0\u00bb#000000&Prime; header_2_font=\u00a0\u00bbMontserrat||||||||\u00a0\u00bb header_2_font_size=\u00a0\u00bb18px\u00a0\u00bb background_size=\u00a0\u00bbinitial\u00a0\u00bb background_position=\u00a0\u00bbtop_left\u00a0\u00bb background_repeat=\u00a0\u00bbrepeat\u00a0\u00bb hover_enabled=\u00a0\u00bb0&Prime; global_colors_info=\u00a0\u00bb{}\u00a0\u00bb text_font_size_last_edited=\u00a0\u00bbon|phone\u00a0\u00bb sticky_enabled=\u00a0\u00bb0&Prime;]<\/p>\n<h1><strong>Politique de confidentialit\u00e9<\/strong><\/h1>\n<p><strong><span>\u00a0<\/span><\/strong><\/p>\n<p>Date de derni\u00e8re mise \u00e0 jour : <strong>01\/01\/2026<\/strong><\/p>\n<h2><strong>ARTICLE 1 : COLLECTE DE VOS INFORMATIONS<\/strong><strong>\u200b<\/strong><\/h2>\n<p>Nous recueillons des informations lorsque vous remplissez nos <strong><em>formulaires de contact<\/em><\/strong>, <strong><em>de newsletter<\/em><\/strong> et lorsque <strong><em>vous r\u00e9servez \/ achetez un de nos services \/ produits<\/em><\/strong>.<\/p>\n<p>Nous pouvons r\u00e9colter les informations suivantes : <strong><em>votre pr\u00e9nom<\/em><\/strong>, <strong><em>votre nom<\/em><\/strong>, <strong><em>votre adresse e-mail<\/em><\/strong>, <strong><em>votre num\u00e9ro de t\u00e9l\u00e9phone<\/em><\/strong>, <strong><em>votre adresse<\/em><\/strong> et <strong><em>votre localit\u00e9<\/em><\/strong>.<\/p>\n<p>En outre, nous pouvons recevoir et enregistrer automatiquement des informations \u00e0 partir de votre ordinateur et navigateur, y compris votre adresse IP, vos logiciels et votre mat\u00e9riel, et la page que vous demandez selon vos pr\u00e9f\u00e9rences cookies que vous avez s\u00e9lectionn\u00e9 via notre bandeau.<\/p>\n<h2><strong>ARTICLE 2 : UTILISATION DE VOS INFORMATIONS<\/strong><\/h2>\n<p>Toutes les informations que nous recueillons de votre part peuvent \u00eatre utilis\u00e9es pour :<\/p>\n<ul>\n<li>Vous contacter de mani\u00e8re plus efficace ;<\/li>\n<li>Collecter et \u00e9tablir des statistiques pour am\u00e9liorer nos campagnes marketing et webmarketing ;<\/li>\n<li>Vous envoyez des newsletters dans le cas o\u00f9 vous \u00eates inscrit(e)s \u00e0 celles-ci ;<\/li>\n<li>Personnaliser votre exp\u00e9rience et r\u00e9pondre \u00e0 vos besoins individuels.<\/li>\n<\/ul>\n<h2><strong>ARTICLE 3 : CONFIDENTIALITE DE VOS DONNEES<\/strong><\/h2>\n<p>Nous sommes les seuls propri\u00e9taires des informations recueillies sur notre site. Vos informations personnelles ne seront pas vendues, \u00e9chang\u00e9es, transf\u00e9r\u00e9es, ou donn\u00e9es \u00e0 une autre soci\u00e9t\u00e9 pour n\u2019importe quelle raison, sans votre consentement.\u200b<\/p>\n<h2><strong>ARTICLE 4 : DIVULGATION A DES TIERS<\/strong><\/h2>\n<p>Nous ne vendons, n\u2019\u00e9changeons et ne transf\u00e9rons pas vos informations personnelles identifiables \u00e0 des tiers. Cela ne comprend pas les tierce parties de confiance qui nous aident \u00e0 exploiter notre site web ou \u00e0 mener nos affaires, tant que ces parties conviennent de garder ces informations confidentielles.\u200b<\/p>\n<h2><strong>ARTICLE 5 : PROTECTION DE VOS INFORMATIONS<\/strong><\/h2>\n<p>Nous mettons en \u0153uvre une vari\u00e9t\u00e9 de mesures de s\u00e9curit\u00e9 pour pr\u00e9server la s\u00e9curit\u00e9 de vos informations personnelles. Nous utilisons un cryptage \u00e0 la pointe de la technologie pour prot\u00e9ger les informations sensibles transmises en ligne. Notre site internet poss\u00e8de bien entendu un <strong>Certificat SSL (Secure Socket Layer)<\/strong>.<\/p>\n<p>Nous prot\u00e9geons \u00e9galement vos informations hors ligne. Seuls membres autoris\u00e9s de l&rsquo;entreprise qui ont besoin d\u2019effectuer un travail sp\u00e9cifique (par exemple, la facturation ou le service aux membres) ont acc\u00e8s aux informations personnelles identifiables. Les ordinateurs et serveurs utilis\u00e9s pour stocker des informations personnelles identifiables sont conserv\u00e9s dans un environnement s\u00e9curis\u00e9 par notre h\u00e9bergeur.\u200b<\/p>\n<h2><strong>ARTICLE 6 : COPIE OU SUPPRESSION DE VOS INFORMATIONS<\/strong><\/h2>\n<p>Nous stockons les donn\u00e9es transmises via nos diff\u00e9rents formulaires de contact.<\/p>\n<p>Cependant, vous avez la possibilit\u00e9 de nous contacter par e-mail \u00e0 <strong>[Ton adresse e-mail]<\/strong> ou par t\u00e9l\u00e9phone au <strong>[Ton num\u00e9ro de t\u00e9l\u00e9phone]<\/strong> pour toute demande de copie ou de suppression de vos donn\u00e9es personnelles que nous stockons.\u200b<\/p>\n<h2><strong>ARTICLE 7 : ENVOI DE NEWSLETTERS<\/strong><strong>\u200b<\/strong><\/h2>\n<p>Si vous \u00eates concern\u00e9(e)s par l&rsquo;envoi de notre newsletter, vous pouvez en tout temps vous d\u00e9sabonner de celles-ci via une proposition sur le bas de chaque e-mail.\u200b<\/p>\n<h2><strong>ARTICLE 8 : POLITIQUE DE L&rsquo;HEBERGEUR<\/strong><\/h2>\n<p>Notre h\u00e9bergeur poss\u00e8de sa propre politique de confidentialit\u00e9 concernant l&rsquo;utilisation de vos donn\u00e9es que vous pouvez consulter en tout temps\u00a0: https:\/\/www.hostinger.com\/fr\/legal\/politique-de-confidentialite<\/p>\n<p>&nbsp;<\/p>\n<h2><strong>ARTICLE 9 : CONSENTEMENT A NOTRE POLITIQUE<\/strong><\/h2>\n<p>\u200bEn utilisant notre site, vous consentez \u00e0 notre politique de confidentialit\u00e9 et que celle-ci puisse \u00eatre modifi\u00e9e en tout temps par l&rsquo;\u00e9diteur.<\/p>\n<p>[\/et_pb_text][\/et_pb_column][\/et_pb_row][\/et_pb_section]<\/p>\n","protected":false},"excerpt":{"rendered":"<p>Politique de confidentialit\u00e9 \u00a0 Date de derni\u00e8re mise \u00e0 jour : 01\/01\/2026 ARTICLE 1 : COLLECTE DE VOS INFORMATIONS\u200b Nous recueillons des informations lorsque vous remplissez nos formulaires de contact, de newsletter et lorsque vous r\u00e9servez \/ achetez un de nos services \/ produits. Nous pouvons r\u00e9colter les informations suivantes : votre pr\u00e9nom, votre nom, votre adresse e-mail, votre num\u00e9ro de t\u00e9l\u00e9phone, votre adresse et votre localit\u00e9. En outre, nous pouvons recevoir et enregistrer automatiquement des informations \u00e0 partir de votre ordinateur et navigateur, y compris votre adresse IP, vos logiciels et votre mat\u00e9riel, et la page que vous demandez selon vos pr\u00e9f\u00e9rences cookies que vous avez s\u00e9lectionn\u00e9 via notre bandeau. ARTICLE 2 : UTILISATION DE VOS INFORMATIONS Toutes les informations que nous recueillons de votre part peuvent \u00eatre utilis\u00e9es pour : Vous contacter de mani\u00e8re plus efficace ; Collecter et \u00e9tablir des statistiques pour am\u00e9liorer nos campagnes marketing et webmarketing ; Vous envoyez des newsletters dans le cas o\u00f9 vous \u00eates inscrit(e)s \u00e0 celles-ci ; Personnaliser votre exp\u00e9rience et r\u00e9pondre \u00e0 vos besoins individuels. ARTICLE 3 : CONFIDENTIALITE DE VOS DONNEES Nous sommes les seuls propri\u00e9taires des informations recueillies sur notre site. Vos informations personnelles ne seront pas vendues, [&hellip;]<\/p>\n","protected":false},"author":1,"featured_media":0,"parent":0,"menu_order":0,"comment_status":"closed","ping_status":"open","template":"","meta":{"_acf_changed":false,"_et_pb_use_builder":"on","_et_pb_old_content":"<!-- wp:heading -->\n<h2 class=\"wp-block-heading\">Qui sommes-nous\u00a0?<\/h2>\n<!-- \/wp:heading -->\n<!-- wp:paragraph -->\n<p><strong class=\"privacy-policy-tutorial\">Texte sugg\u00e9r\u00e9\u00a0: <\/strong>L\u2019adresse de notre site est\u00a0: https:\/\/optimumsoftdigital.com.<\/p>\n<!-- \/wp:paragraph -->\n<!-- wp:heading -->\n<h2 class=\"wp-block-heading\">Commentaires<\/h2>\n<!-- \/wp:heading -->\n<!-- wp:paragraph -->\n<p><strong class=\"privacy-policy-tutorial\">Texte sugg\u00e9r\u00e9\u00a0: <\/strong>Quand vous laissez un commentaire sur notre site, les donn\u00e9es inscrites dans le formulaire de commentaire, ainsi que votre adresse IP et l\u2019agent utilisateur de votre navigateur sont collect\u00e9s pour nous aider \u00e0 la d\u00e9tection des commentaires ind\u00e9sirables.<\/p>\n<!-- \/wp:paragraph -->\n<!-- wp:paragraph -->\n<p>Une cha\u00eene anonymis\u00e9e cr\u00e9\u00e9e \u00e0 partir de votre adresse e-mail (\u00e9galement appel\u00e9e hash) peut \u00eatre envoy\u00e9e au service Gravatar pour v\u00e9rifier si vous utilisez ce dernier. Les clauses de confidentialit\u00e9 du service Gravatar sont disponibles ici\u00a0: https:\/\/automattic.com\/privacy\/. Apr\u00e8s validation de votre commentaire, votre photo de profil sera visible publiquement \u00e0 cot\u00e9 de votre commentaire.<\/p>\n<!-- \/wp:paragraph -->\n<!-- wp:heading -->\n<h2 class=\"wp-block-heading\">M\u00e9dias<\/h2>\n<!-- \/wp:heading -->\n<!-- wp:paragraph -->\n<p><strong class=\"privacy-policy-tutorial\">Texte sugg\u00e9r\u00e9\u00a0: <\/strong>Si vous t\u00e9l\u00e9versez des images sur le site, nous vous conseillons d\u2019\u00e9viter de t\u00e9l\u00e9verser des images contenant des donn\u00e9es EXIF de coordonn\u00e9es GPS. Les personnes visitant votre site peuvent t\u00e9l\u00e9charger et extraire des donn\u00e9es de localisation depuis ces images.<\/p>\n<!-- \/wp:paragraph -->\n<!-- wp:heading -->\n<h2 class=\"wp-block-heading\">Cookies<\/h2>\n<!-- \/wp:heading -->\n<!-- wp:paragraph -->\n<p><strong class=\"privacy-policy-tutorial\">Texte sugg\u00e9r\u00e9\u00a0: <\/strong>Si vous d\u00e9posez un commentaire sur notre site, il vous sera propos\u00e9 d\u2019enregistrer votre nom, adresse e-mail et site dans des cookies. C\u2019est uniquement pour votre confort afin de ne pas avoir \u00e0 saisir ces informations si vous d\u00e9posez un autre commentaire plus tard. Ces cookies expirent au bout d\u2019un an.<\/p>\n<!-- \/wp:paragraph -->\n<!-- wp:paragraph -->\n<p>Si vous vous rendez sur la page de connexion, un cookie temporaire sera cr\u00e9\u00e9 afin de d\u00e9terminer si votre navigateur accepte les cookies. Il ne contient pas de donn\u00e9es personnelles et sera supprim\u00e9 automatiquement \u00e0 la fermeture de votre navigateur.<\/p>\n<!-- \/wp:paragraph -->\n<!-- wp:paragraph -->\n<p>Lorsque vous vous connecterez, nous mettrons en place un certain nombre de cookies pour enregistrer vos informations de connexion et vos pr\u00e9f\u00e9rences d\u2019\u00e9cran. La dur\u00e9e de vie d\u2019un cookie de connexion est de deux jours, celle d\u2019un cookie d\u2019option d\u2019\u00e9cran est d\u2019un an. Si vous cochez \u00ab\u00a0Se souvenir de moi\u00a0\u00bb, votre cookie de connexion sera conserv\u00e9 pendant deux semaines. Si vous vous d\u00e9connectez de votre compte, le cookie de connexion sera effac\u00e9.<\/p>\n<!-- \/wp:paragraph -->\n<!-- wp:paragraph -->\n<p>En modifiant ou en publiant une publication, un cookie suppl\u00e9mentaire sera enregistr\u00e9 dans votre navigateur. Ce cookie ne comprend aucune donn\u00e9e personnelle. Il indique simplement l\u2019ID de la publication que vous venez de modifier. Il expire au bout d\u2019un jour.<\/p>\n<!-- \/wp:paragraph -->\n<!-- wp:heading -->\n<h2 class=\"wp-block-heading\">Contenu embarqu\u00e9 depuis d\u2019autres sites<\/h2>\n<!-- \/wp:heading -->\n<!-- wp:paragraph -->\n<p><strong class=\"privacy-policy-tutorial\">Texte sugg\u00e9r\u00e9\u00a0: <\/strong>Les articles de ce site peuvent inclure des contenus int\u00e9gr\u00e9s (par exemple des vid\u00e9os, images, articles\u2026). Le contenu int\u00e9gr\u00e9 depuis d\u2019autres sites se comporte de la m\u00eame mani\u00e8re que si le visiteur se rendait sur cet autre site.<\/p>\n<!-- \/wp:paragraph -->\n<!-- wp:paragraph -->\n<p>Ces sites web pourraient collecter des donn\u00e9es sur vous, utiliser des cookies, embarquer des outils de suivis tiers, suivre vos interactions avec ces contenus embarqu\u00e9s si vous disposez d\u2019un compte connect\u00e9 sur leur site web.<\/p>\n<!-- \/wp:paragraph -->\n<!-- wp:heading -->\n<h2 class=\"wp-block-heading\">Utilisation et transmission de vos donn\u00e9es personnelles<\/h2>\n<!-- \/wp:heading -->\n<!-- wp:paragraph -->\n<p><strong class=\"privacy-policy-tutorial\">Texte sugg\u00e9r\u00e9\u00a0: <\/strong>Si vous demandez une r\u00e9initialisation de votre mot de passe, votre adresse IP sera incluse dans l\u2019e-mail de r\u00e9initialisation.<\/p>\n<!-- \/wp:paragraph -->\n<!-- wp:heading -->\n<h2 class=\"wp-block-heading\">Dur\u00e9es de stockage de vos donn\u00e9es<\/h2>\n<!-- \/wp:heading -->\n<!-- wp:paragraph -->\n<p><strong class=\"privacy-policy-tutorial\">Texte sugg\u00e9r\u00e9\u00a0: <\/strong>Si vous laissez un commentaire, le commentaire et ses m\u00e9tadonn\u00e9es sont conserv\u00e9s ind\u00e9finiment. Cela permet de reconna\u00eetre et approuver automatiquement les commentaires suivants au lieu de les laisser dans la file de mod\u00e9ration.<\/p>\n<!-- \/wp:paragraph -->\n<!-- wp:paragraph -->\n<p>Pour les comptes qui s\u2019inscrivent sur notre site (le cas \u00e9ch\u00e9ant), nous stockons \u00e9galement les donn\u00e9es personnelles indiqu\u00e9es dans leur profil. Tous les comptes peuvent voir, modifier ou supprimer leurs informations personnelles \u00e0 tout moment (\u00e0 l\u2019exception de leur identifiant). Les gestionnaires du site peuvent aussi voir et modifier ces informations.<\/p>\n<!-- \/wp:paragraph -->\n<!-- wp:heading -->\n<h2 class=\"wp-block-heading\">Les droits que vous avez sur vos donn\u00e9es<\/h2>\n<!-- \/wp:heading -->\n<!-- wp:paragraph -->\n<p><strong class=\"privacy-policy-tutorial\">Texte sugg\u00e9r\u00e9\u00a0: <\/strong>Si vous avez un compte ou si vous avez laiss\u00e9 des commentaires sur le site, vous pouvez demander \u00e0 recevoir un fichier contenant toutes les donn\u00e9es personnelles que nous poss\u00e9dons \u00e0 votre sujet, incluant celles que vous nous avez fournies. Vous pouvez \u00e9galement demander la suppression des donn\u00e9es personnelles vous concernant. Cela ne prend pas en compte les donn\u00e9es stock\u00e9es \u00e0 des fins administratives, l\u00e9gales ou pour des raisons de s\u00e9curit\u00e9.<\/p>\n<!-- \/wp:paragraph -->\n<!-- wp:heading -->\n<h2 class=\"wp-block-heading\">O\u00f9 vos donn\u00e9es sont envoy\u00e9es<\/h2>\n<!-- \/wp:heading -->\n<!-- wp:paragraph -->\n<p><strong class=\"privacy-policy-tutorial\">Texte sugg\u00e9r\u00e9\u00a0: <\/strong>Les commentaires des visiteurs peuvent \u00eatre v\u00e9rifi\u00e9s \u00e0 l\u2019aide d\u2019un service automatis\u00e9 de d\u00e9tection des commentaires ind\u00e9sirables.<\/p>\n<!-- \/wp:paragraph -->\n","_et_gb_content_width":"","footnotes":""},"class_list":["post-3","page","type-page","status-publish","hentry"],"acf":[],"_links":{"self":[{"href":"https:\/\/optimumsoftdigital.com\/en\/wp-json\/wp\/v2\/pages\/3","targetHints":{"allow":["GET"]}}],"collection":[{"href":"https:\/\/optimumsoftdigital.com\/en\/wp-json\/wp\/v2\/pages"}],"about":[{"href":"https:\/\/optimumsoftdigital.com\/en\/wp-json\/wp\/v2\/types\/page"}],"author":[{"embeddable":true,"href":"https:\/\/optimumsoftdigital.com\/en\/wp-json\/wp\/v2\/users\/1"}],"replies":[{"embeddable":true,"href":"https:\/\/optimumsoftdigital.com\/en\/wp-json\/wp\/v2\/comments?post=3"}],"version-history":[{"count":5,"href":"https:\/\/optimumsoftdigital.com\/en\/wp-json\/wp\/v2\/pages\/3\/revisions"}],"predecessor-version":[{"id":25105460,"href":"https:\/\/optimumsoftdigital.com\/en\/wp-json\/wp\/v2\/pages\/3\/revisions\/25105460"}],"wp:attachment":[{"href":"https:\/\/optimumsoftdigital.com\/en\/wp-json\/wp\/v2\/media?parent=3"}],"curies":[{"name":"wp","href":"https:\/\/api.w.org\/{rel}","templated":true}]}}