{"id":27,"date":"2026-02-10T21:41:52","date_gmt":"2026-02-10T20:41:52","guid":{"rendered":"http:\/\/osd-test.local\/?page_id=27"},"modified":"2026-04-10T11:45:55","modified_gmt":"2026-04-10T09:45:55","slug":"web-design","status":"publish","type":"page","link":"https:\/\/optimumsoftdigital.com\/en\/web-design\/","title":{"rendered":"Design UI\/UX"},"content":{"rendered":"<div data-elementor-type=\"wp-page\" data-elementor-id=\"27\" class=\"elementor elementor-27\" data-elementor-post-type=\"page\">\n\t\t\t\t<div class=\"elementor-element elementor-element-67655e6 e-con-full diagonal-bar e-flex magic-button-disabled-no e-con e-child\" data-id=\"67655e6\" data-element_type=\"container\" data-e-type=\"container\">\n\t\t\t\t<div class=\"elementor-element elementor-element-48f8ee8 elementor-widget elementor-widget-html\" data-id=\"48f8ee8\" data-element_type=\"widget\" data-e-type=\"widget\" data-widget_type=\"html.default\">\n\t\t\t\t\t<div class=\"scroll-text\">\r\n  <div class=\"track\">\r\n    Editorial Strategy, Content Creation, Community Management, Social Media Ads, Analytics &amp; Reporting\r\n  <\/div>\r\n<\/div>\t\t\t\t<\/div>\n\t\t\t\t<\/div>\n\t\t<div class=\"elementor-element elementor-element-95ad59b e-flex e-con-boxed magic-button-disabled-no e-con e-parent\" data-id=\"95ad59b\" data-element_type=\"container\" data-e-type=\"container\">\n\t\t\t\t\t<div class=\"e-con-inner\">\n\t\t<div class=\"elementor-element elementor-element-f64506a e-con-full e-flex magic-button-disabled-no e-con e-child\" data-id=\"f64506a\" data-element_type=\"container\" data-e-type=\"container\">\n\t\t\t\t<div class=\"elementor-element elementor-element-4542ce3 elementor-widget elementor-widget-heading\" data-id=\"4542ce3\" data-element_type=\"widget\" data-e-type=\"widget\" data-widget_type=\"heading.default\">\n\t\t\t\t\t<h2 class=\"elementor-heading-title elementor-size-default\">UI\/UX Design for Web and Mobile\n<\/h2>\t\t\t\t<\/div>\n\t\t\t\t<\/div>\n\t\t<div class=\"elementor-element elementor-element-10401f8 e-con-full e-flex magic-button-disabled-no e-con e-child\" data-id=\"10401f8\" data-element_type=\"container\" data-e-type=\"container\">\n\t\t\t\t<div class=\"elementor-element elementor-element-8a69028 elementor-widget__width-initial elementor-widget elementor-widget-text-editor\" data-id=\"8a69028\" data-element_type=\"widget\" data-e-type=\"widget\" data-widget_type=\"text-editor.default\">\n\t\t\t\t\t\t\t\t\t<div class=\"et_pb_row et_pb_row_0\"><div class=\"et_pb_column et_pb_column_4_4 et_pb_column_0  et_pb_css_mix_blend_mode_passthrough et-last-child\"><div class=\"et_pb_module et_pb_text et_pb_text_1  et_pb_text_align_center et_pb_bg_layout_light\"><div class=\"et_pb_text_inner\"><p>App and website design is the cornerstone of your digital credibility. At Optimum Soft Digital, our UI\/UX approach goes beyond visuals\u2014we study user behavior to craft interfaces that align with real needs and business objectives.<\/p><\/div><\/div><\/div><\/div>\t\t\t\t\t\t\t\t<\/div>\n\t\t\t\t<\/div>\n\t\t\t\t\t<\/div>\n\t\t\t\t<\/div>\n\t\t<div class=\"elementor-element elementor-element-94c734b e-con-full e-flex magic-button-disabled-no e-con e-parent\" data-id=\"94c734b\" data-element_type=\"container\" data-e-type=\"container\" data-settings=\"{&quot;background_background&quot;:&quot;classic&quot;}\">\n\t\t<div class=\"elementor-element elementor-element-542a327 e-con-full e-flex magic-button-disabled-no e-con e-child\" data-id=\"542a327\" data-element_type=\"container\" data-e-type=\"container\" data-settings=\"{&quot;background_background&quot;:&quot;classic&quot;}\">\n\t\t<div class=\"elementor-element elementor-element-2a7dfe5 e-con-full e-flex magic-button-disabled-no e-con e-child\" data-id=\"2a7dfe5\" data-element_type=\"container\" data-e-type=\"container\">\n\t\t<div class=\"elementor-element elementor-element-0dc4dd5 e-con-full e-flex magic-button-disabled-no e-con e-child\" data-id=\"0dc4dd5\" data-element_type=\"container\" data-e-type=\"container\">\n\t\t<div class=\"elementor-element elementor-element-76089f1 e-con-full e-flex magic-button-disabled-no e-con e-child\" data-id=\"76089f1\" data-element_type=\"container\" data-e-type=\"container\">\n\t\t\t\t<div class=\"elementor-element elementor-element-1bc2147 elementor-widget elementor-widget-heading\" data-id=\"1bc2147\" data-element_type=\"widget\" data-e-type=\"widget\" data-widget_type=\"heading.default\">\n\t\t\t\t\t<h2 class=\"elementor-heading-title elementor-size-default\">Details<\/h2>\t\t\t\t<\/div>\n\t\t\t\t<\/div>\n\t\t\t\t<div class=\"elementor-element elementor-element-da56202 elementor-widget elementor-widget-heading\" data-id=\"da56202\" data-element_type=\"widget\" data-e-type=\"widget\" data-widget_type=\"heading.default\">\n\t\t\t\t\t<h2 class=\"elementor-heading-title elementor-size-default\">Service<\/h2>\t\t\t\t<\/div>\n\t\t\t\t<\/div>\n\t\t<div class=\"elementor-element elementor-element-fc358f7 e-con-full e-flex magic-button-disabled-no e-con e-child\" data-id=\"fc358f7\" data-element_type=\"container\" data-e-type=\"container\">\n\t\t\t\t<div class=\"elementor-element elementor-element-a5a028c elementor-widget__width-initial elementor-widget elementor-widget-text-editor\" data-id=\"a5a028c\" data-element_type=\"widget\" data-e-type=\"widget\" data-widget_type=\"text-editor.default\">\n\t\t\t\t\t\t\t\t\t<p>Our design process is based on international product design standards:<\/p><p>\u2794 User Research &amp; Personas: we analyze your audience to identify needs and pain points, creating a seamless user journey<\/p><p>\u2794 Wireframing (Interface Blueprint): we design structural layouts to validate usability and content placement before adding visual design<\/p><p>\u2794 Wireframing (Interface Blueprint): we create structural layouts to validate usability and content placement before applying visual design.<\/p><p>\u2794 Modern UI Design: we create a consistent visual identity\u2014typography, colors, and icons\u2014aligned with your brand guidelines<\/p><p class=\"translation-block\">\u2794 Responsive &amp; Mobile-First Design:<br>optimization of every visual element to ensure perfect readability and usability across all devices<\/p><p>\u2794 UX Audit &amp; Visual Redesign: analysis of your current interface to identify conversion barriers and deliver a strategic modernization of your design.<\/p>\t\t\t\t\t\t\t\t<\/div>\n\t\t\t\t<\/div>\n\t\t\t\t<\/div>\n\t\t\t\t<\/div>\n\t\t<div class=\"elementor-element elementor-element-b27fd11 e-con-full e-flex magic-button-disabled-no e-con e-child\" data-id=\"b27fd11\" data-element_type=\"container\" data-e-type=\"container\">\n\t\t\t\t<div class=\"elementor-element elementor-element-7e9eee3 elementor-widget elementor-widget-image\" data-id=\"7e9eee3\" data-element_type=\"widget\" data-e-type=\"widget\" data-widget_type=\"image.default\">\n\t\t\t\t\t\t\t\t\t\t\t\t\t\t\t<img fetchpriority=\"high\" decoding=\"async\" width=\"2560\" height=\"1709\" src=\"https:\/\/optimumsoftdigital.com\/wp-content\/uploads\/2026\/02\/pexels-divinetechygirl-1181434-scaled.jpg\" class=\"attachment-full size-full wp-image-25102627\" alt=\"\" srcset=\"https:\/\/optimumsoftdigital.com\/wp-content\/uploads\/2026\/02\/pexels-divinetechygirl-1181434-scaled.jpg 2560w, https:\/\/optimumsoftdigital.com\/wp-content\/uploads\/2026\/02\/pexels-divinetechygirl-1181434-1280x855.jpg 1280w, https:\/\/optimumsoftdigital.com\/wp-content\/uploads\/2026\/02\/pexels-divinetechygirl-1181434-980x654.jpg 980w, https:\/\/optimumsoftdigital.com\/wp-content\/uploads\/2026\/02\/pexels-divinetechygirl-1181434-480x320.jpg 480w\" sizes=\"(min-width: 0px) and (max-width: 480px) 480px, (min-width: 481px) and (max-width: 980px) 980px, (min-width: 981px) and (max-width: 1280px) 1280px, (min-width: 1281px) 2560px, 100vw\" \/>\t\t\t\t\t\t\t\t\t\t\t\t\t\t\t<\/div>\n\t\t\t\t<\/div>\n\t\t\t\t<\/div>\n\t\t<div class=\"elementor-element elementor-element-8732678 e-flex e-con-boxed magic-button-disabled-no e-con e-parent\" data-id=\"8732678\" data-element_type=\"container\" data-e-type=\"container\" data-settings=\"{&quot;background_background&quot;:&quot;classic&quot;}\">\n\t\t\t\t\t<div class=\"e-con-inner\">\n\t\t<div class=\"elementor-element elementor-element-398faf7 e-con-full e-flex magic-button-disabled-no e-con e-child\" data-id=\"398faf7\" data-element_type=\"container\" data-e-type=\"container\">\n\t\t<div class=\"elementor-element elementor-element-877ab36 e-con-full e-flex magic-button-disabled-no e-con e-child\" data-id=\"877ab36\" data-element_type=\"container\" data-e-type=\"container\">\n\t\t\t\t<div class=\"elementor-element elementor-element-1a78d22 elementor-widget elementor-widget-heading\" data-id=\"1a78d22\" data-element_type=\"widget\" data-e-type=\"widget\" data-widget_type=\"heading.default\">\n\t\t\t\t\t<h2 class=\"elementor-heading-title elementor-size-default\">Some of Our Work<\/h2>\t\t\t\t<\/div>\n\t\t\t\t<\/div>\n\t\t\t\t<\/div>\n\t\t<div class=\"elementor-element elementor-element-4275d11 e-con-full e-flex magic-button-disabled-no e-con e-child\" data-id=\"4275d11\" data-element_type=\"container\" data-e-type=\"container\">\n\t\t\t\t<div class=\"elementor-element elementor-element-16a0cd4 gallery-spacing-custom elementor-widget elementor-widget-image-gallery\" data-id=\"16a0cd4\" data-element_type=\"widget\" data-e-type=\"widget\" data-widget_type=\"image-gallery.default\">\n\t\t\t\t\t\t\t<div class=\"elementor-image-gallery\">\n\t\t\t\n\t\t<style type=\"text\/css\">\n\t\t\t#gallery-1 {\n\t\t\t\tmargin: auto;\n\t\t\t}\n\t\t\t#gallery-1 .gallery-item {\n\t\t\t\tfloat: left;\n\t\t\t\tmargin-top: 10px;\n\t\t\t\ttext-align: center;\n\t\t\t\twidth: 25%;\n\t\t\t}\n\t\t\t#gallery-1 img {\n\t\t\t\tborder: 2px solid #cfcfcf;\n\t\t\t}\n\t\t\t#gallery-1 .gallery-caption {\n\t\t\t\tmargin-left: 0;\n\t\t\t}\n\t\t\t\/* see gallery_shortcode() in wp-includes\/media.php *\/\n\t\t<\/style>\n\t\t<div id='gallery-1' class='gallery galleryid-27 gallery-columns-4 gallery-size-full'><dl class='gallery-item'>\n\t\t\t<dt class='gallery-icon landscape'>\n\t\t\t\t<a data-elementor-open-lightbox=\"yes\" data-elementor-lightbox-slideshow=\"16a0cd4\" data-elementor-lightbox-title=\"colorful letter o gradient logo design\" data-e-action-hash=\"#elementor-action%3Aaction%3Dlightbox%26settings%3DeyJpZCI6MjUxMDMwNjIsInVybCI6Imh0dHBzOlwvXC9vcHRpbXVtc29mdGRpZ2l0YWwuY29tXC93cC1jb250ZW50XC91cGxvYWRzXC8yMDI2XC8wMlwvMTA0LXNjYWxlZC5qcGciLCJzbGlkZXNob3ciOiIxNmEwY2Q0In0%3D\" href='https:\/\/optimumsoftdigital.com\/wp-content\/uploads\/2026\/02\/104-scaled.jpg'><img decoding=\"async\" width=\"2560\" height=\"2560\" src=\"https:\/\/optimumsoftdigital.com\/wp-content\/uploads\/2026\/02\/104-scaled.jpg\" class=\"attachment-full size-full\" alt=\"\" aria-describedby=\"gallery-1-25103062\" srcset=\"https:\/\/optimumsoftdigital.com\/wp-content\/uploads\/2026\/02\/104-scaled.jpg 2560w, https:\/\/optimumsoftdigital.com\/wp-content\/uploads\/2026\/02\/104-1280x1280.jpg 1280w, https:\/\/optimumsoftdigital.com\/wp-content\/uploads\/2026\/02\/104-980x980.jpg 980w, https:\/\/optimumsoftdigital.com\/wp-content\/uploads\/2026\/02\/104-480x480.jpg 480w\" sizes=\"(min-width: 0px) and (max-width: 480px) 480px, (min-width: 481px) and (max-width: 980px) 980px, (min-width: 981px) and (max-width: 1280px) 1280px, (min-width: 1281px) 2560px, 100vw\" \/><\/a>\n\t\t\t<\/dt>\n\t\t\t\t<dd class='wp-caption-text gallery-caption' id='gallery-1-25103062'>\n\t\t\t\tcolorful letter o gradient logo design\n\t\t\t\t<\/dd><\/dl><dl class='gallery-item'>\n\t\t\t<dt class='gallery-icon landscape'>\n\t\t\t\t<a data-elementor-open-lightbox=\"yes\" data-elementor-lightbox-slideshow=\"16a0cd4\" data-elementor-lightbox-title=\"Indonesian Halal Logo 2022\" data-e-action-hash=\"#elementor-action%3Aaction%3Dlightbox%26settings%3DeyJpZCI6MjUxMDMwNjQsInVybCI6Imh0dHBzOlwvXC9vcHRpbXVtc29mdGRpZ2l0YWwuY29tXC93cC1jb250ZW50XC91cGxvYWRzXC8yMDI2XC8wMlwvaW5kb25lc2lhbl9oYWxhbF9sb2dvXzIwMjItc2NhbGVkLmpwZyIsInNsaWRlc2hvdyI6IjE2YTBjZDQifQ%3D%3D\" href='https:\/\/optimumsoftdigital.com\/wp-content\/uploads\/2026\/02\/indonesian_halal_logo_2022-scaled.jpg'><img decoding=\"async\" width=\"2560\" height=\"2560\" src=\"https:\/\/optimumsoftdigital.com\/wp-content\/uploads\/2026\/02\/indonesian_halal_logo_2022-scaled.jpg\" class=\"attachment-full size-full\" alt=\"\" aria-describedby=\"gallery-1-25103064\" srcset=\"https:\/\/optimumsoftdigital.com\/wp-content\/uploads\/2026\/02\/indonesian_halal_logo_2022-scaled.jpg 2560w, https:\/\/optimumsoftdigital.com\/wp-content\/uploads\/2026\/02\/indonesian_halal_logo_2022-1280x1280.jpg 1280w, https:\/\/optimumsoftdigital.com\/wp-content\/uploads\/2026\/02\/indonesian_halal_logo_2022-980x980.jpg 980w, https:\/\/optimumsoftdigital.com\/wp-content\/uploads\/2026\/02\/indonesian_halal_logo_2022-480x480.jpg 480w\" sizes=\"(min-width: 0px) and (max-width: 480px) 480px, (min-width: 481px) and (max-width: 980px) 980px, (min-width: 981px) and (max-width: 1280px) 1280px, (min-width: 1281px) 2560px, 100vw\" \/><\/a>\n\t\t\t<\/dt>\n\t\t\t\t<dd class='wp-caption-text gallery-caption' id='gallery-1-25103064'>\n\t\t\t\tIndonesian Halal Logo 2022\n\t\t\t\t<\/dd><\/dl><dl class='gallery-item'>\n\t\t\t<dt class='gallery-icon landscape'>\n\t\t\t\t<a data-elementor-open-lightbox=\"yes\" data-elementor-lightbox-slideshow=\"16a0cd4\" data-elementor-lightbox-title=\"A Logo - Branding Identity Corporate Vector Logo Design.\" data-e-action-hash=\"#elementor-action%3Aaction%3Dlightbox%26settings%3DeyJpZCI6MjUxMDMwNjMsInVybCI6Imh0dHBzOlwvXC9vcHRpbXVtc29mdGRpZ2l0YWwuY29tXC93cC1jb250ZW50XC91cGxvYWRzXC8yMDI2XC8wMlwvY2hyaXN0bWFzXzIwMTJfbmV3XzQwMTAtc2NhbGVkLmpwZyIsInNsaWRlc2hvdyI6IjE2YTBjZDQifQ%3D%3D\" href='https:\/\/optimumsoftdigital.com\/wp-content\/uploads\/2026\/02\/christmas_2012_new_4010-scaled.jpg'><img loading=\"lazy\" decoding=\"async\" width=\"2560\" height=\"2349\" src=\"https:\/\/optimumsoftdigital.com\/wp-content\/uploads\/2026\/02\/christmas_2012_new_4010-scaled.jpg\" class=\"attachment-full size-full\" alt=\"\" aria-describedby=\"gallery-1-25103063\" srcset=\"https:\/\/optimumsoftdigital.com\/wp-content\/uploads\/2026\/02\/christmas_2012_new_4010-scaled.jpg 2560w, https:\/\/optimumsoftdigital.com\/wp-content\/uploads\/2026\/02\/christmas_2012_new_4010-1280x1175.jpg 1280w, https:\/\/optimumsoftdigital.com\/wp-content\/uploads\/2026\/02\/christmas_2012_new_4010-980x899.jpg 980w, https:\/\/optimumsoftdigital.com\/wp-content\/uploads\/2026\/02\/christmas_2012_new_4010-480x440.jpg 480w\" sizes=\"auto, (min-width: 0px) and (max-width: 480px) 480px, (min-width: 481px) and (max-width: 980px) 980px, (min-width: 981px) and (max-width: 1280px) 1280px, (min-width: 1281px) 2560px, 100vw\" \/><\/a>\n\t\t\t<\/dt>\n\t\t\t\t<dd class='wp-caption-text gallery-caption' id='gallery-1-25103063'>\n\t\t\t\tA Logo &#8211; Branding Identity Corporate Vector Logo Design.\n\t\t\t\t<\/dd><\/dl><dl class='gallery-item'>\n\t\t\t<dt class='gallery-icon landscape'>\n\t\t\t\t<a data-elementor-open-lightbox=\"yes\" data-elementor-lightbox-slideshow=\"16a0cd4\" data-elementor-lightbox-title=\"OSD-logo-horizontal_png (2)\" data-e-action-hash=\"#elementor-action%3Aaction%3Dlightbox%26settings%3DeyJpZCI6MjUxMDMwNjcsInVybCI6Imh0dHBzOlwvXC9vcHRpbXVtc29mdGRpZ2l0YWwuY29tXC93cC1jb250ZW50XC91cGxvYWRzXC8yMDI2XC8wMlwvT1NELWxvZ28taG9yaXpvbnRhbF9wbmctMi0xLnBuZyIsInNsaWRlc2hvdyI6IjE2YTBjZDQifQ%3D%3D\" href='https:\/\/optimumsoftdigital.com\/wp-content\/uploads\/2026\/02\/OSD-logo-horizontal_png-2-1.png'><img loading=\"lazy\" decoding=\"async\" width=\"1080\" height=\"1080\" src=\"https:\/\/optimumsoftdigital.com\/wp-content\/uploads\/2026\/02\/OSD-logo-horizontal_png-2-1.png\" class=\"attachment-full size-full\" alt=\"\" srcset=\"https:\/\/optimumsoftdigital.com\/wp-content\/uploads\/2026\/02\/OSD-logo-horizontal_png-2-1.png 1080w, https:\/\/optimumsoftdigital.com\/wp-content\/uploads\/2026\/02\/OSD-logo-horizontal_png-2-1-980x980.png 980w, https:\/\/optimumsoftdigital.com\/wp-content\/uploads\/2026\/02\/OSD-logo-horizontal_png-2-1-480x480.png 480w\" sizes=\"auto, (min-width: 0px) and (max-width: 480px) 480px, (min-width: 481px) and (max-width: 980px) 980px, (min-width: 981px) 1080px, 100vw\" \/><\/a>\n\t\t\t<\/dt><\/dl><br style=\"clear: both\" \/>\n\t\t<\/div>\n\t\t<\/div>\n\t\t\t\t\t\t<\/div>\n\t\t\t\t<\/div>\n\t\t\t\t\t<\/div>\n\t\t\t\t<\/div>\n\t\t<div class=\"elementor-element elementor-element-1da1860 e-flex e-con-boxed magic-button-disabled-no e-con e-parent\" data-id=\"1da1860\" data-element_type=\"container\" data-e-type=\"container\" data-settings=\"{&quot;background_background&quot;:&quot;classic&quot;}\">\n\t\t\t\t\t<div class=\"e-con-inner\">\n\t\t<div class=\"elementor-element elementor-element-828f872 e-con-full e-flex magic-button-disabled-no e-con e-child\" data-id=\"828f872\" data-element_type=\"container\" data-e-type=\"container\">\n\t\t<div class=\"elementor-element elementor-element-bc7842a e-con-full e-flex magic-button-disabled-no e-con e-child\" data-id=\"bc7842a\" data-element_type=\"container\" data-e-type=\"container\">\n\t\t\t\t<div class=\"elementor-element elementor-element-740cde9 elementor-widget elementor-widget-heading\" data-id=\"740cde9\" data-element_type=\"widget\" data-e-type=\"widget\" data-widget_type=\"heading.default\">\n\t\t\t\t\t<h2 class=\"elementor-heading-title elementor-size-default\">Benefits of Our Service\n<\/h2>\t\t\t\t<\/div>\n\t\t\t\t<\/div>\n\t\t\t\t<\/div>\n\t\t<div class=\"elementor-element elementor-element-48cf414 e-con-full e-flex magic-button-disabled-no e-con e-child\" data-id=\"48cf414\" data-element_type=\"container\" data-e-type=\"container\">\n\t\t\t\t<div class=\"elementor-element elementor-element-4d4ed06 elementor-widget__width-initial elementor-widget elementor-widget-text-editor\" data-id=\"4d4ed06\" data-element_type=\"widget\" data-e-type=\"widget\" data-widget_type=\"text-editor.default\">\n\t\t\t\t\t\t\t\t\t<div class=\"et_pb_module et_pb_text et_pb_text_6 et_pb_text_align_left et_pb_bg_layout_light\"><div class=\"et_pb_text_inner\"><p><span style=\"color: #3366ff; font-family: bestielle; font-size: 35px;\">1<\/span>\u00a0Reducing bounce rates and building customer loyalty<\/p><p>An intuitive interface keeps users on your site longer. By providing a frustration-free browsing experience, you reduce the number of people who leave your site prematurely and increase your chances of turning them into loyal customers.<\/p><p>\u00a0<\/p><\/div><\/div><div class=\"et_pb_module et_pb_text et_pb_text_7 et_pb_text_align_left et_pb_bg_layout_light\"><div class=\"et_pb_text_inner\"><p><span style=\"color: #3366ff; font-family: bestielle; font-size: 35px;\">2<\/span>\u00a0Increased conversion rate (ROI)<\/p><p>UX design is a worthwhile investment. By placing call-to-action (CTA) buttons in strategic locations and simplifying forms, we make it easier for users to complete a purchase, which directly impacts your revenue.<\/p><p>\u00a0<\/p><\/div><\/div><div class=\"et_pb_module et_pb_text et_pb_text_8 et_pb_text_align_left et_pb_bg_layout_light\"><div class=\"et_pb_text_inner\"><p><span style=\"color: #3366ff; font-family: bestielle; font-size: 35px;\">3<\/span>\u00a0Visual Consistency and Professionalism<\/p><p>A polished design conveys a sense of quality and professionalism. We create interfaces that reflect the strength of your business, instantly setting you apart from your competitors.<\/p><p>\u00a0<\/p><\/div><\/div><div class=\"et_pb_module et_pb_text et_pb_text_9 et_pb_text_align_left et_pb_bg_layout_light\"><div class=\"et_pb_text_inner\"><p><span style=\"color: #3366ff; font-family: bestielle; font-size: 35px;\">4<\/span>\u00a0Saves time and money during development<\/p><p>A validated and well-documented prototype allows developers to work faster and avoid mistakes. By investing in design early on, you can avoid costly changes once the code is finalized.<\/p><\/div><\/div>\t\t\t\t\t\t\t\t<\/div>\n\t\t\t\t<\/div>\n\t\t\t\t\t<\/div>\n\t\t\t\t<\/div>\n\t\t\t\t<\/div>","protected":false},"excerpt":{"rendered":"<p>Strat\u00e9gie \u00c9ditoriale, Cr\u00e9ation de contenu, Community Management, Publicit\u00e9, La Sociale (Social Ads), Analyse et Reporting Design UI\/UX (Interfaces Web &amp; Mobiles) Le design d\u2019une application ou d\u2019un site web est le pilier de votre cr\u00e9dibilit\u00e9 num\u00e9rique. Chez Optimum Soft Digital, notre approche du Design UI\/UX va bien au-del\u00e0 du graphisme traditionnel. Nous \u00e9tudions les comportements de vos utilisateurs pour cr\u00e9er des interfaces qui r\u00e9pondent \u00e0 leurs besoins r\u00e9els tout en servant vos objectifs commerciaux. Details sur le service Notre processus de cr\u00e9ation suit les standards internationaux du design produit :\u2794 Recherche Utilisateur &amp; Persona : analyse de votre cible pour comprendre ses attentes et ses points de friction afin de d\u00e9finir un parcours fluide\u2794 Wireframing (Squelette de l\u2019interface) : cr\u00e9ation de sch\u00e9mas structurels pour valider l\u2019ergonomie et l\u2019emplacement des \u00e9l\u00e9ments avant toute mise en couleur\u2794 Prototypage Interactif : d\u00e9veloppement de maquettes cliquables permettant de tester l\u2019exp\u00e9rience utilisateur et de visualiser le produit final avant la phase de d\u00e9veloppement\u2794 Design d\u2019Interface (UI) Moderne : cr\u00e9ation d\u2019une identit\u00e9 visuelle propre (typographies, couleurs, ic\u00f4nes) en parfaite coh\u00e9rence avec votre charte graphique\u2794 Design Responsive &amp; Mobile-First :optimisation de chaque \u00e9l\u00e9ment visuel pour garantir une lisibilit\u00e9 et une manipulation parfaite sur tous les \u00e9crans\u2794 Audit [&hellip;]<\/p>\n","protected":false},"author":1,"featured_media":0,"parent":0,"menu_order":0,"comment_status":"closed","ping_status":"closed","template":"","meta":{"_acf_changed":false,"_et_pb_use_builder":"on","_et_pb_old_content":"<!-- wp:divi\/placeholder \/-->","_et_gb_content_width":"","footnotes":""},"class_list":["post-27","page","type-page","status-publish","hentry"],"acf":[],"_links":{"self":[{"href":"https:\/\/optimumsoftdigital.com\/en\/wp-json\/wp\/v2\/pages\/27","targetHints":{"allow":["GET"]}}],"collection":[{"href":"https:\/\/optimumsoftdigital.com\/en\/wp-json\/wp\/v2\/pages"}],"about":[{"href":"https:\/\/optimumsoftdigital.com\/en\/wp-json\/wp\/v2\/types\/page"}],"author":[{"embeddable":true,"href":"https:\/\/optimumsoftdigital.com\/en\/wp-json\/wp\/v2\/users\/1"}],"replies":[{"embeddable":true,"href":"https:\/\/optimumsoftdigital.com\/en\/wp-json\/wp\/v2\/comments?post=27"}],"version-history":[{"count":119,"href":"https:\/\/optimumsoftdigital.com\/en\/wp-json\/wp\/v2\/pages\/27\/revisions"}],"predecessor-version":[{"id":25111377,"href":"https:\/\/optimumsoftdigital.com\/en\/wp-json\/wp\/v2\/pages\/27\/revisions\/25111377"}],"wp:attachment":[{"href":"https:\/\/optimumsoftdigital.com\/en\/wp-json\/wp\/v2\/media?parent=27"}],"curies":[{"name":"wp","href":"https:\/\/api.w.org\/{rel}","templated":true}]}}