{"id":18,"date":"2026-02-10T21:39:27","date_gmt":"2026-02-10T20:39:27","guid":{"rendered":"http:\/\/osd-test.local\/?page_id=18"},"modified":"2026-04-13T18:08:06","modified_gmt":"2026-04-13T16:08:06","slug":"agence","status":"publish","type":"page","link":"https:\/\/optimumsoftdigital.com\/en\/agence\/","title":{"rendered":"Agency"},"content":{"rendered":"<div data-elementor-type=\"wp-page\" data-elementor-id=\"18\" class=\"elementor elementor-18\" data-elementor-post-type=\"page\">\n\t\t\t\t<div class=\"elementor-element elementor-element-7fa9d4d e-con-full diagonal-bar-2 e-flex magic-button-disabled-no elementor-invisible e-con e-child\" data-id=\"7fa9d4d\" data-element_type=\"container\" data-e-type=\"container\" data-settings=\"{&quot;animation&quot;:&quot;fadeInRight&quot;}\">\n\t\t\t\t<div class=\"elementor-element elementor-element-74747d2 elementor-widget elementor-widget-html\" data-id=\"74747d2\" data-element_type=\"widget\" data-e-type=\"widget\" data-widget_type=\"html.default\">\n\t\t\t\t\t<div class=\"scroll-text\">\r\n  <div class=\"track\">\r\n    Editorial Strategy, Content Creation, Community Management, Social Ads, Analytics and Reporting\r\n  <\/div>\r\n<\/div>\t\t\t\t<\/div>\n\t\t\t\t<\/div>\n\t\t<div class=\"elementor-element elementor-element-c00d219 e-flex e-con-boxed magic-button-disabled-no e-con e-parent\" data-id=\"c00d219\" data-element_type=\"container\" data-e-type=\"container\">\n\t\t\t\t\t<div class=\"e-con-inner\">\n\t\t<div class=\"elementor-element elementor-element-5c35ecd e-con-full e-flex magic-button-disabled-no elementor-invisible e-con e-child\" data-id=\"5c35ecd\" data-element_type=\"container\" data-e-type=\"container\" data-settings=\"{&quot;animation&quot;:&quot;fadeInDown&quot;}\">\n\t\t\t\t\t\t\t\t\t<div data-id=\"541f2b9\" data-interaction-id=\"541f2b9\" data-e-type=\"e-youtube\"  class=\"e-541f2b9-7581482 e-youtube-base\"  data-settings=\"&#x7B;&quot;source&quot;&#x3A;&quot;https&#x3A;&#x5C;&#x2F;&#x5C;&#x2F;www.youtube.com&#x5C;&#x2F;watch&#x3F;v&#x3D;7Nstbz8jY4c&quot;,&quot;autoplay&quot;&#x3A;false,&quot;mute&quot;&#x3A;false,&quot;controls&quot;&#x3A;true,&quot;cc_load_policy&quot;&#x3A;false,&quot;loop&quot;&#x3A;false,&quot;rel&quot;&#x3A;true,&quot;start&quot;&#x3A;null,&quot;end&quot;&#x3A;null,&quot;privacy&quot;&#x3A;false,&quot;lazyload&quot;&#x3A;false&#x7D;\"><\/div>\n\t\t\t\t<\/div>\n\t\t<div class=\"elementor-element elementor-element-71e7cf5 e-con-full e-flex magic-button-disabled-no e-con e-child\" data-id=\"71e7cf5\" data-element_type=\"container\" data-e-type=\"container\">\n\t\t<div class=\"elementor-element elementor-element-0313199 e-con-full e-flex magic-button-disabled-no elementor-invisible e-con e-child\" data-id=\"0313199\" data-element_type=\"container\" data-e-type=\"container\" data-settings=\"{&quot;animation&quot;:&quot;slideInLeft&quot;}\">\n\t\t\t\t<div class=\"elementor-element elementor-element-37dc72a elementor-widget elementor-widget-counter\" data-id=\"37dc72a\" data-element_type=\"widget\" data-e-type=\"widget\" data-widget_type=\"counter.default\">\n\t\t\t\t\t\t\t<div class=\"elementor-counter\">\n\t\t\t<div class=\"elementor-counter-title\">Expert Profiles<\/div>\t\t\t<div class=\"elementor-counter-number-wrapper\">\n\t\t\t\t<span class=\"elementor-counter-number-prefix\"><\/span>\n\t\t\t\t<span class=\"elementor-counter-number\" data-duration=\"2000\" data-to-value=\"10\" data-from-value=\"0\" data-delimiter=\",\">0<\/span>\n\t\t\t\t<span class=\"elementor-counter-number-suffix\"><\/span>\n\t\t\t<\/div>\n\t\t<\/div>\n\t\t\t\t\t\t<\/div>\n\t\t\t\t<div class=\"elementor-element elementor-element-9b4b1b3 elementor-widget elementor-widget-heading\" data-id=\"9b4b1b3\" data-element_type=\"widget\" data-e-type=\"widget\" data-widget_type=\"heading.default\">\n\t\t\t\t\t<span class=\"elementor-heading-title elementor-size-default\">Beyond Consulting: Your Growth Partners<\/span>\t\t\t\t<\/div>\n\t\t\t\t<\/div>\n\t\t<div class=\"elementor-element elementor-element-d82fe2e e-con-full e-flex magic-button-disabled-no elementor-invisible e-con e-child\" data-id=\"d82fe2e\" data-element_type=\"container\" data-e-type=\"container\" data-settings=\"{&quot;animation&quot;:&quot;rotateInUpRight&quot;}\">\n\t\t\t\t<div class=\"elementor-element elementor-element-81ddad5 elementor-widget elementor-widget-counter\" data-id=\"81ddad5\" data-element_type=\"widget\" data-e-type=\"widget\" data-widget_type=\"counter.default\">\n\t\t\t\t\t\t\t<div class=\"elementor-counter\">\n\t\t\t<div class=\"elementor-counter-title\">Our Work<\/div>\t\t\t<div class=\"elementor-counter-number-wrapper\">\n\t\t\t\t<span class=\"elementor-counter-number-prefix\"><\/span>\n\t\t\t\t<span class=\"elementor-counter-number\" data-duration=\"2000\" data-to-value=\"35\" data-from-value=\"0\" data-delimiter=\",\">0<\/span>\n\t\t\t\t<span class=\"elementor-counter-number-suffix\"><\/span>\n\t\t\t<\/div>\n\t\t<\/div>\n\t\t\t\t\t\t<\/div>\n\t\t\t\t<div class=\"elementor-element elementor-element-96c2d1d elementor-widget elementor-widget-heading\" data-id=\"96c2d1d\" data-element_type=\"widget\" data-e-type=\"widget\" data-widget_type=\"heading.default\">\n\t\t\t\t\t<span class=\"elementor-heading-title elementor-size-default\">Over 35 Brands Rely on Us to Excel<\/span>\t\t\t\t<\/div>\n\t\t\t\t<\/div>\n\t\t<div class=\"elementor-element elementor-element-ff421fa e-con-full e-flex magic-button-disabled-no elementor-invisible e-con e-child\" data-id=\"ff421fa\" data-element_type=\"container\" data-e-type=\"container\" data-settings=\"{&quot;animation&quot;:&quot;fadeInRight&quot;}\">\n\t\t<div class=\"elementor-element elementor-element-42b3da4 e-con-full e-flex magic-button-disabled-no e-con e-child\" data-id=\"42b3da4\" data-element_type=\"container\" data-e-type=\"container\">\n\t\t<div class=\"elementor-element elementor-element-ce4a9ed e-con-full e-flex magic-button-disabled-no e-con e-child\" data-id=\"ce4a9ed\" data-element_type=\"container\" data-e-type=\"container\">\n\t\t\t\t<div class=\"elementor-element elementor-element-2b88114 elementor-widget elementor-widget-counter\" data-id=\"2b88114\" data-element_type=\"widget\" data-e-type=\"widget\" data-widget_type=\"counter.default\">\n\t\t\t\t\t\t\t<div class=\"elementor-counter\">\n\t\t\t\t\t\t<div class=\"elementor-counter-number-wrapper\">\n\t\t\t\t<span class=\"elementor-counter-number-prefix\"><\/span>\n\t\t\t\t<span class=\"elementor-counter-number\" data-duration=\"2000\" data-to-value=\"4.5\" data-from-value=\"0\" data-delimiter=\",\">0<\/span>\n\t\t\t\t<span class=\"elementor-counter-number-suffix\"><\/span>\n\t\t\t<\/div>\n\t\t<\/div>\n\t\t\t\t\t\t<\/div>\n\t\t\t\t<div class=\"elementor-element elementor-element-dc9fad0 elementor-widget elementor-widget-heading\" data-id=\"dc9fad0\" data-element_type=\"widget\" data-e-type=\"widget\" data-widget_type=\"heading.default\">\n\t\t\t\t\t<h2 class=\"elementor-heading-title elementor-size-default\">\/5<\/h2>\t\t\t\t<\/div>\n\t\t\t\t<\/div>\n\t\t\t\t<div class=\"elementor-element elementor-element-d7100b8 elementor-widget elementor-widget-heading\" data-id=\"d7100b8\" data-element_type=\"widget\" data-e-type=\"widget\" data-widget_type=\"heading.default\">\n\t\t\t\t\t<span class=\"elementor-heading-title elementor-size-default\">Rated on Google<\/span>\t\t\t\t<\/div>\n\t\t\t\t<\/div>\n\t\t\t\t<div class=\"elementor-element elementor-element-868fc84 elementor-widget elementor-widget-heading\" data-id=\"868fc84\" data-element_type=\"widget\" data-e-type=\"widget\" data-widget_type=\"heading.default\">\n\t\t\t\t\t<span class=\"elementor-heading-title elementor-size-default\">Nothing rewards us more than your satisfaction\n<\/span>\t\t\t\t<\/div>\n\t\t\t\t<\/div>\n\t\t\t\t<\/div>\n\t\t\t\t\t<\/div>\n\t\t\t\t<\/div>\n\t\t<div class=\"elementor-element elementor-element-3497b69 e-flex e-con-boxed magic-button-disabled-no elementor-invisible e-con e-parent\" data-id=\"3497b69\" data-element_type=\"container\" data-e-type=\"container\" data-settings=\"{&quot;background_background&quot;:&quot;classic&quot;,&quot;animation&quot;:&quot;slideInDown&quot;}\">\n\t\t\t\t\t<div class=\"e-con-inner\">\n\t\t<div class=\"elementor-element elementor-element-d9bd107 e-con-full e-flex magic-button-disabled-no elementor-invisible e-con e-child\" data-id=\"d9bd107\" data-element_type=\"container\" data-e-type=\"container\" data-settings=\"{&quot;animation&quot;:&quot;slideInLeft&quot;}\">\n\t\t\t\t<div class=\"elementor-element elementor-element-7d85e5a elementor-widget elementor-widget-heading\" data-id=\"7d85e5a\" data-element_type=\"widget\" data-e-type=\"widget\" data-widget_type=\"heading.default\">\n\t\t\t\t\t<h2 class=\"elementor-heading-title elementor-size-default translation-block\">Our <span class=\"gradient-blue\">vision<\/span><\/h2>\t\t\t\t<\/div>\n\t\t\t\t<div class=\"elementor-element elementor-element-f9a14c1 elementor-widget__width-initial elementor-widget elementor-widget-text-editor\" data-id=\"f9a14c1\" data-element_type=\"widget\" data-e-type=\"widget\" data-widget_type=\"text-editor.default\">\n\t\t\t\t\t\t\t\t\t<p class=\"translation-block\"><span class=\"fontstyle0\">Fostering the growth and fulfillment of <\/span><span class=\"fontstyle0\">our team members, while ensuring <\/span><span class=\"fontstyle0\">customer satisfaction.<\/span><\/p>\t\t\t\t\t\t\t\t<\/div>\n\t\t\t\t<\/div>\n\t\t<div class=\"elementor-element elementor-element-3939573 e-con-full e-flex magic-button-disabled-no elementor-invisible e-con e-child\" data-id=\"3939573\" data-element_type=\"container\" data-e-type=\"container\" data-settings=\"{&quot;animation&quot;:&quot;slideInRight&quot;}\">\n\t\t\t\t<div class=\"elementor-element elementor-element-ce85a0a elementor-widget elementor-widget-heading\" data-id=\"ce85a0a\" data-element_type=\"widget\" data-e-type=\"widget\" data-widget_type=\"heading.default\">\n\t\t\t\t\t<h2 class=\"elementor-heading-title elementor-size-default translation-block\">Our <span class=\"gradient-blue\">mission<\/span><\/h2>\t\t\t\t<\/div>\n\t\t\t\t<div class=\"elementor-element elementor-element-d5e9229 elementor-widget__width-initial elementor-widget elementor-widget-text-editor\" data-id=\"d5e9229\" data-element_type=\"widget\" data-e-type=\"widget\" data-widget_type=\"text-editor.default\">\n\t\t\t\t\t\t\t\t\t<p>Our mission is to support companies in their digital transformation by providing them with innovative solutions.<\/p>\t\t\t\t\t\t\t\t<\/div>\n\t\t\t\t<\/div>\n\t\t\t\t\t<\/div>\n\t\t\t\t<\/div>\n\t\t<div class=\"elementor-element elementor-element-9f5fc89 e-flex e-con-boxed magic-button-disabled-no elementor-invisible e-con e-parent\" data-id=\"9f5fc89\" data-element_type=\"container\" data-e-type=\"container\" data-settings=\"{&quot;background_background&quot;:&quot;classic&quot;,&quot;animation&quot;:&quot;slideInDown&quot;}\">\n\t\t\t\t\t<div class=\"e-con-inner\">\n\t\t<div class=\"elementor-element elementor-element-4b669ae e-con-full e-flex magic-button-disabled-no e-con e-child\" data-id=\"4b669ae\" data-element_type=\"container\" data-e-type=\"container\">\n\t\t<div class=\"elementor-element elementor-element-6b521ca e-con-full e-flex magic-button-disabled-no elementor-invisible e-con e-child\" data-id=\"6b521ca\" data-element_type=\"container\" data-e-type=\"container\" data-settings=\"{&quot;animation&quot;:&quot;slideInLeft&quot;}\">\n\t\t\t\t<div class=\"elementor-element elementor-element-7510bce elementor-widget elementor-widget-heading\" data-id=\"7510bce\" data-element_type=\"widget\" data-e-type=\"widget\" data-widget_type=\"heading.default\">\n\t\t\t\t\t<h2 class=\"elementor-heading-title elementor-size-default\">Our<\/h2>\t\t\t\t<\/div>\n\t\t\t\t<div class=\"elementor-element elementor-element-34bb1bc elementor-widget elementor-widget-heading\" data-id=\"34bb1bc\" data-element_type=\"widget\" data-e-type=\"widget\" data-widget_type=\"heading.default\">\n\t\t\t\t\t<h2 class=\"elementor-heading-title elementor-size-default\">values<\/h2>\t\t\t\t<\/div>\n\t\t\t\t<\/div>\n\t\t\t\t<\/div>\n\t\t<div class=\"elementor-element elementor-element-283a223 e-con-full e-flex magic-button-disabled-no elementor-invisible e-con e-child\" data-id=\"283a223\" data-element_type=\"container\" data-e-type=\"container\" data-settings=\"{&quot;animation&quot;:&quot;slideInRight&quot;}\">\n\t\t\t\t<div class=\"elementor-element elementor-element-d9265db elementor-widget__width-initial elementor-widget elementor-widget-text-editor\" data-id=\"d9265db\" data-element_type=\"widget\" data-e-type=\"widget\" data-widget_type=\"text-editor.default\">\n\t\t\t\t\t\t\t\t\t<p class=\"translation-block\"><span class=\"fontstyle0\">With OSD, you work with a passionate team dedicated to <\/span><span class=\"fontstyle0\">delivering expertise and excellence to your project.<\/span><\/p>\t\t\t\t\t\t\t\t<\/div>\n\t\t\t\t<\/div>\n\t\t<div class=\"elementor-element elementor-element-a24f264 e-con-full e-flex magic-button-disabled-no e-con e-child\" data-id=\"a24f264\" data-element_type=\"container\" data-e-type=\"container\" data-settings=\"{&quot;background_background&quot;:&quot;classic&quot;}\">\n\t\t<div class=\"elementor-element elementor-element-d32195e e-con-full depliant e-flex magic-button-disabled-no e-con e-child\" data-id=\"d32195e\" data-element_type=\"container\" data-e-type=\"container\">\n\t\t\t\t<div class=\"elementor-element elementor-element-407f321 agence-depliant elementor-invisible elementor-widget elementor-widget-heading\" data-id=\"407f321\" data-element_type=\"widget\" data-e-type=\"widget\" data-settings=\"{&quot;_animation&quot;:&quot;fadeInLeft&quot;}\" data-widget_type=\"heading.default\">\n\t\t\t\t\t<h2 class=\"elementor-heading-title elementor-size-default\">Expertise<\/h2>\t\t\t\t<\/div>\n\t\t<div class=\"elementor-element elementor-element-d8ddbf1 e-con-full case-cache e-flex magic-button-disabled-no e-con e-child\" data-id=\"d8ddbf1\" data-element_type=\"container\" data-e-type=\"container\" data-settings=\"{&quot;background_background&quot;:&quot;classic&quot;}\">\n\t\t\t\t<div class=\"elementor-element elementor-element-d96a706 elementor-widget__width-initial elementor-widget elementor-widget-text-editor\" data-id=\"d96a706\" data-element_type=\"widget\" data-e-type=\"widget\" data-widget_type=\"text-editor.default\">\n\t\t\t\t\t\t\t\t\t<p>Our expertise supports your digital expansion, including website development, advertising campaign management, branding, and social media marketing.<\/p>\t\t\t\t\t\t\t\t<\/div>\n\t\t\t\t<\/div>\n\t\t\t\t<\/div>\n\t\t<div class=\"elementor-element elementor-element-9367db6 e-con-full depliant e-flex magic-button-disabled-no e-con e-child\" data-id=\"9367db6\" data-element_type=\"container\" data-e-type=\"container\">\n\t\t\t\t<div class=\"elementor-element elementor-element-0b5d516 agence-depliant elementor-invisible elementor-widget elementor-widget-heading\" data-id=\"0b5d516\" data-element_type=\"widget\" data-e-type=\"widget\" data-settings=\"{&quot;_animation&quot;:&quot;fadeInUp&quot;}\" data-widget_type=\"heading.default\">\n\t\t\t\t\t<h2 class=\"elementor-heading-title elementor-size-default\">Teamwork<\/h2>\t\t\t\t<\/div>\n\t\t<div class=\"elementor-element elementor-element-d9326ab e-con-full case-cache e-flex magic-button-disabled-no e-con e-child\" data-id=\"d9326ab\" data-element_type=\"container\" data-e-type=\"container\" data-settings=\"{&quot;background_background&quot;:&quot;classic&quot;}\">\n\t\t\t\t<div class=\"elementor-element elementor-element-e531d35 elementor-widget__width-initial elementor-widget elementor-widget-text-editor\" data-id=\"e531d35\" data-element_type=\"widget\" data-e-type=\"widget\" data-widget_type=\"text-editor.default\">\n\t\t\t\t\t\t\t\t\t<p>Teamwork drives our success. By collaborating, exchanging ideas, and leveraging our combined skills, we create innovative and impactful solutions.<\/p>\t\t\t\t\t\t\t\t<\/div>\n\t\t\t\t<\/div>\n\t\t\t\t<\/div>\n\t\t<div class=\"elementor-element elementor-element-6d5adb4 e-con-full depliant e-flex magic-button-disabled-no e-con e-child\" data-id=\"6d5adb4\" data-element_type=\"container\" data-e-type=\"container\">\n\t\t\t\t<div class=\"elementor-element elementor-element-f03b5cd agence-depliant elementor-invisible elementor-widget elementor-widget-heading\" data-id=\"f03b5cd\" data-element_type=\"widget\" data-e-type=\"widget\" data-settings=\"{&quot;_animation&quot;:&quot;fadeInRight&quot;}\" data-widget_type=\"heading.default\">\n\t\t\t\t\t<h2 class=\"elementor-heading-title elementor-size-default\">Dynamism<\/h2>\t\t\t\t<\/div>\n\t\t<div class=\"elementor-element elementor-element-6b1767e e-con-full case-cache e-flex magic-button-disabled-no e-con e-child\" data-id=\"6b1767e\" data-element_type=\"container\" data-e-type=\"container\" data-settings=\"{&quot;background_background&quot;:&quot;classic&quot;}\">\n\t\t\t\t<div class=\"elementor-element elementor-element-d56a52a elementor-widget__width-initial elementor-widget elementor-widget-text-editor\" data-id=\"d56a52a\" data-element_type=\"widget\" data-e-type=\"widget\" data-widget_type=\"text-editor.default\">\n\t\t\t\t\t\t\t\t\t<p>Dynamism is at the core of our approach. Always attentive to digital trends and developments, we act with responsiveness and creativity to deliver innovative solutions.<\/p>\t\t\t\t\t\t\t\t<\/div>\n\t\t\t\t<\/div>\n\t\t\t\t<\/div>\n\t\t\t\t<\/div>\n\t\t\t\t\t<\/div>\n\t\t\t\t<\/div>\n\t\t<div class=\"elementor-element elementor-element-12cc581 e-con-full e-flex magic-button-disabled-no e-con e-parent\" data-id=\"12cc581\" data-element_type=\"container\" data-e-type=\"container\">\n\t\t\t\t<div class=\"elementor-element elementor-element-084a3c3 elementor-invisible elementor-widget elementor-widget-image-carousel\" data-id=\"084a3c3\" data-element_type=\"widget\" data-e-type=\"widget\" data-settings=\"{&quot;slides_to_show&quot;:&quot;3&quot;,&quot;navigation&quot;:&quot;none&quot;,&quot;autoplay_speed&quot;:3000,&quot;image_spacing_custom&quot;:{&quot;unit&quot;:&quot;px&quot;,&quot;size&quot;:30,&quot;sizes&quot;:[]},&quot;_animation&quot;:&quot;zoomInUp&quot;,&quot;autoplay&quot;:&quot;yes&quot;,&quot;pause_on_interaction&quot;:&quot;yes&quot;,&quot;infinite&quot;:&quot;yes&quot;,&quot;speed&quot;:500,&quot;image_spacing_custom_laptop&quot;:{&quot;unit&quot;:&quot;px&quot;,&quot;size&quot;:&quot;&quot;,&quot;sizes&quot;:[]},&quot;image_spacing_custom_tablet&quot;:{&quot;unit&quot;:&quot;px&quot;,&quot;size&quot;:&quot;&quot;,&quot;sizes&quot;:[]},&quot;image_spacing_custom_mobile&quot;:{&quot;unit&quot;:&quot;px&quot;,&quot;size&quot;:&quot;&quot;,&quot;sizes&quot;:[]}}\" data-widget_type=\"image-carousel.default\">\n\t\t\t\t\t\t\t<div class=\"elementor-image-carousel-wrapper swiper\" role=\"region\" aria-roledescription=\"carousel\" aria-label=\"Carrousel d\u2019images\" dir=\"ltr\">\n\t\t\t<div class=\"elementor-image-carousel swiper-wrapper\" aria-live=\"off\">\n\t\t\t\t\t\t\t\t<div class=\"swiper-slide\" role=\"group\" aria-roledescription=\"slide\" aria-label=\"1 sur 6\"><figure class=\"swiper-slide-inner\"><img decoding=\"async\" class=\"swiper-slide-image\" src=\"https:\/\/optimumsoftdigital.com\/wp-content\/uploads\/2026\/02\/pexels-edmond-dantes-8547341-scaled.jpg\" alt=\"pexels-edmond-dantes-8547341\" \/><\/figure><\/div><div class=\"swiper-slide\" role=\"group\" aria-roledescription=\"slide\" aria-label=\"2 sur 6\"><figure class=\"swiper-slide-inner\"><img decoding=\"async\" class=\"swiper-slide-image\" src=\"https:\/\/optimumsoftdigital.com\/wp-content\/uploads\/2026\/02\/pexels-edmond-dantes-8550847-scaled.jpg\" alt=\"pexels-edmond-dantes-8550847\" \/><\/figure><\/div><div class=\"swiper-slide\" role=\"group\" aria-roledescription=\"slide\" aria-label=\"3 sur 6\"><figure class=\"swiper-slide-inner\"><img decoding=\"async\" class=\"swiper-slide-image\" src=\"https:\/\/optimumsoftdigital.com\/wp-content\/uploads\/2026\/02\/pexels-anthonyshkraba-production-8837598-scaled.jpg\" alt=\"pexels-anthonyshkraba-production-8837598\" \/><\/figure><\/div><div class=\"swiper-slide\" role=\"group\" aria-roledescription=\"slide\" aria-label=\"4 sur 6\"><figure class=\"swiper-slide-inner\"><img decoding=\"async\" class=\"swiper-slide-image\" src=\"https:\/\/optimumsoftdigital.com\/wp-content\/uploads\/2026\/02\/pexels-divinetechygirl-1181434-scaled.jpg\" alt=\"pexels-divinetechygirl-1181434\" \/><\/figure><\/div><div class=\"swiper-slide\" role=\"group\" aria-roledescription=\"slide\" aria-label=\"5 sur 6\"><figure class=\"swiper-slide-inner\"><img decoding=\"async\" class=\"swiper-slide-image\" src=\"https:\/\/optimumsoftdigital.com\/wp-content\/uploads\/2026\/02\/pexels-gabby-k-6238172-1-scaled.jpg\" alt=\"pexels-gabby-k-6238172\" \/><\/figure><\/div><div class=\"swiper-slide\" role=\"group\" aria-roledescription=\"slide\" aria-label=\"6 sur 6\"><figure class=\"swiper-slide-inner\"><img decoding=\"async\" class=\"swiper-slide-image\" src=\"https:\/\/optimumsoftdigital.com\/wp-content\/uploads\/2026\/04\/agence-valeurs_dynamisme-scaled.jpg\" alt=\"Group of young modern people in smart casual wear talking business ideas while working in the office\" \/><\/figure><\/div>\t\t\t<\/div>\n\t\t\t\t\t\t\t\n\t\t\t\t\t\t\t\t\t<\/div>\n\t\t\t\t\t\t<\/div>\n\t\t<div class=\"elementor-element elementor-element-f93411a e-con-full e-flex magic-button-disabled-no elementor-invisible e-con e-child\" data-id=\"f93411a\" data-element_type=\"container\" data-e-type=\"container\" data-settings=\"{&quot;background_background&quot;:&quot;classic&quot;,&quot;animation&quot;:&quot;fadeInUp&quot;}\">\n\t\t\t\t<div class=\"elementor-element elementor-element-1a1432d elementor-widget__width-initial elementor-widget-mobile__width-inherit elementor-widget-laptop__width-inherit elementor-widget elementor-widget-heading\" data-id=\"1a1432d\" data-element_type=\"widget\" data-e-type=\"widget\" data-widget_type=\"heading.default\">\n\t\t\t\t\t<p class=\"elementor-heading-title elementor-size-default\">Do you have a digital Project?\n<\/p>\t\t\t\t<\/div>\n\t\t\t\t<div class=\"elementor-element elementor-element-37c5313 elementor-widget__width-initial elementor-widget elementor-widget-text-editor\" data-id=\"37c5313\" data-element_type=\"widget\" data-e-type=\"widget\" data-widget_type=\"text-editor.default\">\n\t\t\t\t\t\t\t\t\t<div class=\"et_pb_module et_pb_text et_pb_text_21 et_pb_text_align_center et_pb_bg_layout_light\"><div class=\"et_pb_text_inner\"><div class=\"et_pb_module et_pb_text et_pb_text_19 et_pb_text_align_center et_pb_bg_layout_light\"><div class=\"et_pb_text_inner\"><p>Request a Quote Instantly, Receive it Within 24 Hours<\/p><\/div><\/div><\/div><\/div>\t\t\t\t\t\t\t\t<\/div>\n\t\t<div class=\"elementor-element elementor-element-8db4803 e-con-full e-flex magic-button-disabled-no e-con e-child\" data-id=\"8db4803\" data-element_type=\"container\" data-e-type=\"container\">\n\t\t\t\t<div class=\"elementor-element elementor-element-6be829b elementor-align-center elementor-widget__width-initial elementor-mobile-align-center elementor-widget-laptop__width-inherit elementor-widget-mobile__width-inherit elementor-widget elementor-widget-button\" data-id=\"6be829b\" data-element_type=\"widget\" data-e-type=\"widget\" data-widget_type=\"button.default\">\n\t\t\t\t\t\t\t\t\t\t<a class=\"elementor-button elementor-button-link elementor-size-sm elementor-animation-grow\" href=\"https:\/\/optimumsoftdigital.com\/en\/contact\/\">\n\t\t\t\t\t\t<span class=\"elementor-button-content-wrapper\">\n\t\t\t\t\t\t\t\t\t<span class=\"elementor-button-text\">Request a Quote<\/span>\n\t\t\t\t\t<\/span>\n\t\t\t\t\t<\/a>\n\t\t\t\t\t\t\t\t<\/div>\n\t\t\t\t<\/div>\n\t\t\t\t<\/div>\n\t\t\t\t<\/div>\n\t\t\t\t<\/div>","protected":false},"excerpt":{"rendered":"<p>Strat\u00e9gie \u00c9ditoriale, Cr\u00e9ation de contenu, Community Management, Publicit\u00e9 Sociale (Social Ads), Analyse et Reporting Profils d&rsquo;experts 0 Plus que des consultants, vos futurs partenaires de croissance Projets r\u00e9alis\u00e9s 0 35+ marques qui nous ont fait confiance pour briller 0 \/5 Note sur google Votre satisfaction, notre plus belle r\u00e9compense Notre vision D\u00e9velopper l\u2019\u00e9panouissement de\u00a0nos collaborateurs, et garantir la\u00a0satisfaction de nos clients. Notre mission Notre mission est d\u2019accompagner les entreprises dans leur transformation digitale en leur offrant des solutions innovantes. Nos valeurs Avec OSD, vous b\u00e9n\u00e9ficiez d\u2019une \u00e9quipe passionn\u00e9e, qui mettra\u00a0toute son expertise et son savoir-faire au service de votre projet. Expertise Nous mettons notre expertise au service de votre croissance digitale. De la cr\u00e9ation de sites web performants \u00e0 la gestion de campagnes publicitaires, en passant par le branding et le marketing sur les r\u00e9seaux sociaux. Esprit d&rsquo;\u00e9quipe Notre esprit d\u2019\u00e9quipe est au c\u0153ur de notre r\u00e9ussite. Nous collaborons \u00e9troitement, partageons nos id\u00e9es et combinons nos comp\u00e9tences pour offrir des solutions innovantes et efficaces. Dynamisme Le dynamisme est au c\u0153ur de notre approche. Toujours \u00e0 l\u2019\u00e9coute des tendances et des \u00e9volutions du digital, nous agissons avec r\u00e9activit\u00e9 et cr\u00e9ativit\u00e9 pour proposer des solutions innovantes. Vous avez un projet digital ? [&hellip;]<\/p>\n","protected":false},"author":1,"featured_media":0,"parent":0,"menu_order":0,"comment_status":"closed","ping_status":"closed","template":"","meta":{"_acf_changed":false,"_et_pb_use_builder":"on","_et_pb_old_content":"<!-- wp:divi\/placeholder \/-->","_et_gb_content_width":"","footnotes":""},"class_list":["post-18","page","type-page","status-publish","hentry"],"acf":[],"_links":{"self":[{"href":"https:\/\/optimumsoftdigital.com\/en\/wp-json\/wp\/v2\/pages\/18","targetHints":{"allow":["GET"]}}],"collection":[{"href":"https:\/\/optimumsoftdigital.com\/en\/wp-json\/wp\/v2\/pages"}],"about":[{"href":"https:\/\/optimumsoftdigital.com\/en\/wp-json\/wp\/v2\/types\/page"}],"author":[{"embeddable":true,"href":"https:\/\/optimumsoftdigital.com\/en\/wp-json\/wp\/v2\/users\/1"}],"replies":[{"embeddable":true,"href":"https:\/\/optimumsoftdigital.com\/en\/wp-json\/wp\/v2\/comments?post=18"}],"version-history":[{"count":589,"href":"https:\/\/optimumsoftdigital.com\/en\/wp-json\/wp\/v2\/pages\/18\/revisions"}],"predecessor-version":[{"id":25112087,"href":"https:\/\/optimumsoftdigital.com\/en\/wp-json\/wp\/v2\/pages\/18\/revisions\/25112087"}],"wp:attachment":[{"href":"https:\/\/optimumsoftdigital.com\/en\/wp-json\/wp\/v2\/media?parent=18"}],"curies":[{"name":"wp","href":"https:\/\/api.w.org\/{rel}","templated":true}]}}